{"id":8022,"date":"2023-09-05T22:54:32","date_gmt":"2023-09-05T22:54:32","guid":{"rendered":"https:\/\/www.tusclicks.com\/pagos\/?page_id=8022"},"modified":"2023-12-14T19:27:40","modified_gmt":"2023-12-14T19:27:40","slug":"chile","status":"publish","type":"page","link":"https:\/\/www.tusclicks.com\/pagos\/posteos-redes-sociales\/contratar\/chile\/","title":{"rendered":"Chile-post"},"content":{"rendered":"\t\t<div data-elementor-type=\"wp-page\" data-elementor-id=\"8022\" class=\"elementor elementor-8022\">\n\t\t\t\t\t\t\t\t\t<section class=\"elementor-section elementor-top-section elementor-element elementor-element-47552d8 elementor-hidden-phone elementor-section-boxed elementor-section-height-default elementor-section-height-default\" data-id=\"47552d8\" data-element_type=\"section\" data-settings=\"{&quot;background_background&quot;:&quot;classic&quot;}\">\n\t\t\t\t\t\t<div class=\"elementor-container elementor-column-gap-no\">\n\t\t\t\t\t<div class=\"elementor-column elementor-col-33 elementor-top-column elementor-element elementor-element-6b6ec75\" data-id=\"6b6ec75\" data-element_type=\"column\">\n\t\t\t<div class=\"elementor-widget-wrap elementor-element-populated\">\n\t\t\t\t\t\t\t\t<div class=\"elementor-element elementor-element-e6b1259 no-margin elementor-widget elementor-widget-image\" data-id=\"e6b1259\" data-element_type=\"widget\" data-widget_type=\"image.default\">\n\t\t\t\t<div class=\"elementor-widget-container\">\n\t\t\t\t\t\t\t\t\t\t\t\t\t\t\t\t<a href=\"https:\/\/www.tusclicks.com\/pagos\/posteos-redes-sociales\/\">\n\t\t\t\t\t\t\t<img decoding=\"async\" width=\"400\" height=\"80\" src=\"https:\/\/www.tusclicks.com\/pagos\/wp-content\/uploads\/2020\/08\/paso-1-semi.png\" class=\"attachment-full size-full wp-image-6637\" alt=\"\" srcset=\"https:\/\/www.tusclicks.com\/pagos\/wp-content\/uploads\/2020\/08\/paso-1-semi.png 400w, https:\/\/www.tusclicks.com\/pagos\/wp-content\/uploads\/2020\/08\/paso-1-semi-300x60.png 300w\" sizes=\"(max-width: 400px) 100vw, 400px\" \/>\t\t\t\t\t\t\t\t<\/a>\n\t\t\t\t\t\t\t\t\t\t\t\t\t\t\t<\/div>\n\t\t\t\t<\/div>\n\t\t\t\t<div class=\"elementor-element elementor-element-52f97bb elementor-widget elementor-widget-heading\" data-id=\"52f97bb\" data-element_type=\"widget\" data-widget_type=\"heading.default\">\n\t\t\t\t<div class=\"elementor-widget-container\">\n\t\t\t<span class=\"elementor-heading-title elementor-size-default\"><a href=\"https:\/\/www.tusclicks.com\/pagos\/sitio-web\/\">Paso 1<\/a><\/span>\t\t<\/div>\n\t\t\t\t<\/div>\n\t\t\t\t\t<\/div>\n\t\t<\/div>\n\t\t\t\t<div class=\"elementor-column elementor-col-33 elementor-top-column elementor-element elementor-element-0e3a2b7\" data-id=\"0e3a2b7\" data-element_type=\"column\">\n\t\t\t<div class=\"elementor-widget-wrap elementor-element-populated\">\n\t\t\t\t\t\t\t\t<div class=\"elementor-element elementor-element-cf59212 no-margin elementor-widget elementor-widget-image\" data-id=\"cf59212\" data-element_type=\"widget\" data-widget_type=\"image.default\">\n\t\t\t\t<div class=\"elementor-widget-container\">\n\t\t\t\t\t\t\t\t\t\t\t\t\t\t\t\t<a href=\"https:\/\/www.tusclicks.com\/pagos\/posteos-redes-sociales\/contratar\/\">\n\t\t\t\t\t\t\t<img decoding=\"async\" width=\"400\" height=\"80\" src=\"https:\/\/www.tusclicks.com\/pagos\/wp-content\/uploads\/2020\/08\/paso-2-act.png\" class=\"attachment-full size-full wp-image-6665\" alt=\"\" srcset=\"https:\/\/www.tusclicks.com\/pagos\/wp-content\/uploads\/2020\/08\/paso-2-act.png 400w, https:\/\/www.tusclicks.com\/pagos\/wp-content\/uploads\/2020\/08\/paso-2-act-300x60.png 300w\" sizes=\"(max-width: 400px) 100vw, 400px\" \/>\t\t\t\t\t\t\t\t<\/a>\n\t\t\t\t\t\t\t\t\t\t\t\t\t\t\t<\/div>\n\t\t\t\t<\/div>\n\t\t\t\t<div class=\"elementor-element elementor-element-fde78a7 elementor-widget elementor-widget-heading\" data-id=\"fde78a7\" data-element_type=\"widget\" data-widget_type=\"heading.default\">\n\t\t\t\t<div class=\"elementor-widget-container\">\n\t\t\t<span class=\"elementor-heading-title elementor-size-default\"><a href=\"https:\/\/www.tusclicks.com\/pagos\/sitio-web\/contratar\/\">Paso 2<\/a><\/span>\t\t<\/div>\n\t\t\t\t<\/div>\n\t\t\t\t\t<\/div>\n\t\t<\/div>\n\t\t\t\t<div class=\"elementor-column elementor-col-33 elementor-top-column elementor-element elementor-element-da1bf3d\" data-id=\"da1bf3d\" data-element_type=\"column\">\n\t\t\t<div class=\"elementor-widget-wrap elementor-element-populated\">\n\t\t\t\t\t\t\t\t<div class=\"elementor-element elementor-element-9777ed6 no-margin elementor-widget elementor-widget-image\" data-id=\"9777ed6\" data-element_type=\"widget\" data-widget_type=\"image.default\">\n\t\t\t\t<div class=\"elementor-widget-container\">\n\t\t\t\t\t\t\t\t\t\t\t\t\t\t\t<img decoding=\"async\" width=\"400\" height=\"80\" src=\"https:\/\/www.tusclicks.com\/pagos\/wp-content\/uploads\/2020\/08\/paso-3-act.png\" class=\"attachment-full size-full wp-image-6666\" alt=\"\" srcset=\"https:\/\/www.tusclicks.com\/pagos\/wp-content\/uploads\/2020\/08\/paso-3-act.png 400w, https:\/\/www.tusclicks.com\/pagos\/wp-content\/uploads\/2020\/08\/paso-3-act-300x60.png 300w\" sizes=\"(max-width: 400px) 100vw, 400px\" \/>\t\t\t\t\t\t\t\t\t\t\t\t\t\t\t<\/div>\n\t\t\t\t<\/div>\n\t\t\t\t<div class=\"elementor-element elementor-element-8e67cb8 elementor-widget elementor-widget-heading\" data-id=\"8e67cb8\" data-element_type=\"widget\" data-widget_type=\"heading.default\">\n\t\t\t\t<div class=\"elementor-widget-container\">\n\t\t\t<span class=\"elementor-heading-title elementor-size-default\">Paso 3<\/span>\t\t<\/div>\n\t\t\t\t<\/div>\n\t\t\t\t\t<\/div>\n\t\t<\/div>\n\t\t\t\t\t\t\t<\/div>\n\t\t<\/section>\n\t\t\t\t<section class=\"elementor-section elementor-top-section elementor-element elementor-element-4486f4b elementor-section-boxed elementor-section-height-default elementor-section-height-default\" data-id=\"4486f4b\" data-element_type=\"section\">\n\t\t\t\t\t\t<div class=\"elementor-container elementor-column-gap-default\">\n\t\t\t\t\t<div class=\"elementor-column elementor-col-100 elementor-top-column elementor-element elementor-element-90c4feb\" data-id=\"90c4feb\" data-element_type=\"column\">\n\t\t\t<div class=\"elementor-widget-wrap elementor-element-populated\">\n\t\t\t\t\t\t\t\t<section class=\"elementor-section elementor-inner-section elementor-element elementor-element-17b9dda elementor-section-boxed elementor-section-height-default elementor-section-height-default\" data-id=\"17b9dda\" data-element_type=\"section\">\n\t\t\t\t\t\t<div class=\"elementor-container elementor-column-gap-default\">\n\t\t\t\t\t<div class=\"elementor-column elementor-col-50 elementor-inner-column elementor-element elementor-element-509647f\" data-id=\"509647f\" data-element_type=\"column\" data-settings=\"{&quot;background_background&quot;:&quot;classic&quot;}\">\n\t\t\t<div class=\"elementor-widget-wrap elementor-element-populated\">\n\t\t\t\t\t\t\t\t<div class=\"elementor-element elementor-element-24a2b2c elementor-widget elementor-widget-image\" data-id=\"24a2b2c\" data-element_type=\"widget\" data-widget_type=\"image.default\">\n\t\t\t\t<div class=\"elementor-widget-container\">\n\t\t\t\t\t\t\t\t\t\t\t\t\t\t\t\t<a href=\"https:\/\/www.tusclicks.com\/pagos\/posteos-redes-sociales\/contratar\/chile\/tarjeta-de-credito-post\/\">\n\t\t\t\t\t\t\t<img loading=\"lazy\" decoding=\"async\" width=\"512\" height=\"448\" src=\"https:\/\/www.tusclicks.com\/pagos\/wp-content\/uploads\/2020\/10\/tarjeta-de-credito.svg\" class=\"attachment-full size-full wp-image-7375\" alt=\"\" \/>\t\t\t\t\t\t\t\t<\/a>\n\t\t\t\t\t\t\t\t\t\t\t\t\t\t\t<\/div>\n\t\t\t\t<\/div>\n\t\t\t\t<div class=\"elementor-element elementor-element-93540bc elementor-widget elementor-widget-heading\" data-id=\"93540bc\" data-element_type=\"widget\" data-widget_type=\"heading.default\">\n\t\t\t\t<div class=\"elementor-widget-container\">\n\t\t\t<h3 class=\"elementor-heading-title elementor-size-default\"><a href=\"https:\/\/www.tusclicks.com\/pagos\/posteos-redes-sociales\/contratar\/chile\/tarjeta-de-credito-post\/\">Tarjeta de Cr\u00e9dito\/D\u00e9bito<\/a><\/h3>\t\t<\/div>\n\t\t\t\t<\/div>\n\t\t\t\t<div class=\"elementor-element elementor-element-516a59c elementor-align-justify elementor-widget elementor-widget-button\" data-id=\"516a59c\" data-element_type=\"widget\" data-widget_type=\"button.default\">\n\t\t\t\t<div class=\"elementor-widget-container\">\n\t\t\t\t\t<div class=\"elementor-button-wrapper\">\n\t\t\t<a class=\"elementor-button elementor-button-link elementor-size-md\" href=\"https:\/\/www.tusclicks.com\/pagos\/posteos-redes-sociales\/contratar\/chile\/tarjeta-de-credito-post\/\">\n\t\t\t\t\t\t<span class=\"elementor-button-content-wrapper\">\n\t\t\t\t\t\t<span class=\"elementor-button-text\">Ir a pagar<\/span>\n\t\t<\/span>\n\t\t\t\t\t<\/a>\n\t\t<\/div>\n\t\t\t\t<\/div>\n\t\t\t\t<\/div>\n\t\t\t\t\t<\/div>\n\t\t<\/div>\n\t\t\t\t<div class=\"elementor-column elementor-col-50 elementor-inner-column elementor-element elementor-element-355a05e\" data-id=\"355a05e\" data-element_type=\"column\" data-settings=\"{&quot;background_background&quot;:&quot;classic&quot;}\">\n\t\t\t<div class=\"elementor-widget-wrap elementor-element-populated\">\n\t\t\t\t\t\t\t\t<div class=\"elementor-element elementor-element-0d1e2ed elementor-widget elementor-widget-image\" data-id=\"0d1e2ed\" data-element_type=\"widget\" data-widget_type=\"image.default\">\n\t\t\t\t<div class=\"elementor-widget-container\">\n\t\t\t\t\t\t\t\t\t\t\t\t\t\t\t\t<a href=\"https:\/\/www.tusclicks.com\/pagos\/posteos-redes-sociales\/contratar\/chile\/pac-post\/\">\n\t\t\t\t\t\t\t<img decoding=\"async\" src=\"https:\/\/www.tusclicks.com\/pagos\/wp-content\/uploads\/2020\/10\/pac-pat.svg\" class=\"attachment-full size-full wp-image-7379\" alt=\"\" \/>\t\t\t\t\t\t\t\t<\/a>\n\t\t\t\t\t\t\t\t\t\t\t\t\t\t\t<\/div>\n\t\t\t\t<\/div>\n\t\t\t\t<div class=\"elementor-element elementor-element-e3c743b elementor-widget elementor-widget-heading\" data-id=\"e3c743b\" data-element_type=\"widget\" data-widget_type=\"heading.default\">\n\t\t\t\t<div class=\"elementor-widget-container\">\n\t\t\t<h3 class=\"elementor-heading-title elementor-size-default\"><a href=\"https:\/\/www.tusclicks.com\/pagos\/posteos-redes-sociales\/contratar\/chile\/pac-post\/\">PAC\/PAT<\/a><\/h3>\t\t<\/div>\n\t\t\t\t<\/div>\n\t\t\t\t<div class=\"elementor-element elementor-element-ceef0a4 elementor-align-justify elementor-widget elementor-widget-button\" data-id=\"ceef0a4\" data-element_type=\"widget\" data-widget_type=\"button.default\">\n\t\t\t\t<div class=\"elementor-widget-container\">\n\t\t\t\t\t<div class=\"elementor-button-wrapper\">\n\t\t\t<a class=\"elementor-button elementor-button-link elementor-size-md\" href=\"https:\/\/www.tusclicks.com\/pagos\/posteos-redes-sociales\/contratar\/chile\/pac-post\/\">\n\t\t\t\t\t\t<span class=\"elementor-button-content-wrapper\">\n\t\t\t\t\t\t<span class=\"elementor-button-text\">Ir a pagar<\/span>\n\t\t<\/span>\n\t\t\t\t\t<\/a>\n\t\t<\/div>\n\t\t\t\t<\/div>\n\t\t\t\t<\/div>\n\t\t\t\t\t<\/div>\n\t\t<\/div>\n\t\t\t\t\t\t\t<\/div>\n\t\t<\/section>\n\t\t\t\t\t<\/div>\n\t\t<\/div>\n\t\t\t\t\t\t\t<\/div>\n\t\t<\/section>\n\t\t\t\t<section class=\"elementor-section elementor-top-section elementor-element elementor-element-263aed7 elementor-section-boxed elementor-section-height-default elementor-section-height-default\" data-id=\"263aed7\" data-element_type=\"section\" data-settings=\"{&quot;background_background&quot;:&quot;classic&quot;}\">\n\t\t\t\t\t\t<div class=\"elementor-container elementor-column-gap-default\">\n\t\t\t\t\t<div class=\"elementor-column elementor-col-100 elementor-top-column elementor-element elementor-element-f0dbfd0\" data-id=\"f0dbfd0\" data-element_type=\"column\">\n\t\t\t<div class=\"elementor-widget-wrap elementor-element-populated\">\n\t\t\t\t\t\t\t\t<section class=\"elementor-section elementor-inner-section elementor-element elementor-element-1c330b9 elementor-section-boxed elementor-section-height-default elementor-section-height-default\" data-id=\"1c330b9\" data-element_type=\"section\">\n\t\t\t\t\t\t<div class=\"elementor-container elementor-column-gap-default\">\n\t\t\t\t\t<div class=\"elementor-column elementor-col-33 elementor-inner-column elementor-element elementor-element-deaace6\" data-id=\"deaace6\" data-element_type=\"column\" data-settings=\"{&quot;background_background&quot;:&quot;classic&quot;}\">\n\t\t\t<div class=\"elementor-widget-wrap elementor-element-populated\">\n\t\t\t\t\t\t\t\t<div class=\"elementor-element elementor-element-3cdf21f elementor-widget elementor-widget-image\" data-id=\"3cdf21f\" data-element_type=\"widget\" data-widget_type=\"image.default\">\n\t\t\t\t<div class=\"elementor-widget-container\">\n\t\t\t\t\t\t\t\t\t\t\t\t\t\t\t<img decoding=\"async\" src=\"https:\/\/www.tusclicks.com\/pagos\/wp-content\/uploads\/elementor\/thumbs\/Partnet_badge-pyeft78xkf4ukeayp6nkxo6yxgxxms6o5p8s0k91pg.png\" title=\"Partnet_badge.png\" alt=\"Partnet_badge.png\" loading=\"lazy\" \/>\t\t\t\t\t\t\t\t\t\t\t\t\t\t\t<\/div>\n\t\t\t\t<\/div>\n\t\t\t\t<div class=\"elementor-element elementor-element-ea9e9a1 elementor-widget elementor-widget-heading\" data-id=\"ea9e9a1\" data-element_type=\"widget\" data-widget_type=\"heading.default\">\n\t\t\t\t<div class=\"elementor-widget-container\">\n\t\t\t<h4 class=\"elementor-heading-title elementor-size-default\">Premier Partner de Google<\/h4>\t\t<\/div>\n\t\t\t\t<\/div>\n\t\t\t\t<div class=\"elementor-element elementor-element-0b347fb elementor-widget-divider--view-line elementor-widget elementor-widget-divider\" data-id=\"0b347fb\" data-element_type=\"widget\" data-widget_type=\"divider.default\">\n\t\t\t\t<div class=\"elementor-widget-container\">\n\t\t\t\t\t<div class=\"elementor-divider\">\n\t\t\t<span class=\"elementor-divider-separator\">\n\t\t\t\t\t\t<\/span>\n\t\t<\/div>\n\t\t\t\t<\/div>\n\t\t\t\t<\/div>\n\t\t\t\t<div class=\"elementor-element elementor-element-cbebee5 elementor-widget elementor-widget-text-editor\" data-id=\"cbebee5\" data-element_type=\"widget\" data-widget_type=\"text-editor.default\">\n\t\t\t\t<div class=\"elementor-widget-container\">\n\t\t\t\t\t\t\tS\u00f3lo unas pocas agencias en Chile han sido seleccionadas de por Google para ser parte del grupo selecto de Premier Partners.\t\t\t\t\t\t<\/div>\n\t\t\t\t<\/div>\n\t\t\t\t\t<\/div>\n\t\t<\/div>\n\t\t\t\t<div class=\"elementor-column elementor-col-33 elementor-inner-column elementor-element elementor-element-a3b0b4c\" data-id=\"a3b0b4c\" data-element_type=\"column\" data-settings=\"{&quot;background_background&quot;:&quot;classic&quot;}\">\n\t\t\t<div class=\"elementor-widget-wrap elementor-element-populated\">\n\t\t\t\t\t\t\t\t<div class=\"elementor-element elementor-element-a190e39 elementor-widget elementor-widget-image\" data-id=\"a190e39\" data-element_type=\"widget\" data-widget_type=\"image.default\">\n\t\t\t\t<div class=\"elementor-widget-container\">\n\t\t\t\t\t\t\t\t\t\t\t\t\t\t\t<img decoding=\"async\" src=\"https:\/\/www.tusclicks.com\/pagos\/wp-content\/uploads\/elementor\/thumbs\/compra-segura-pyeft5d96r29x6dp05ubsoo1qp777dz7hfxt20bu1w.png\" title=\"compra-segura.png\" alt=\"compra-segura.png\" loading=\"lazy\" \/>\t\t\t\t\t\t\t\t\t\t\t\t\t\t\t<\/div>\n\t\t\t\t<\/div>\n\t\t\t\t<div class=\"elementor-element elementor-element-95db192 elementor-widget elementor-widget-heading\" data-id=\"95db192\" data-element_type=\"widget\" data-widget_type=\"heading.default\">\n\t\t\t\t<div class=\"elementor-widget-container\">\n\t\t\t<h4 class=\"elementor-heading-title elementor-size-default\">Sitio seguro<\/h4>\t\t<\/div>\n\t\t\t\t<\/div>\n\t\t\t\t<div class=\"elementor-element elementor-element-4714aee elementor-widget-divider--view-line elementor-widget elementor-widget-divider\" data-id=\"4714aee\" data-element_type=\"widget\" data-widget_type=\"divider.default\">\n\t\t\t\t<div class=\"elementor-widget-container\">\n\t\t\t\t\t<div class=\"elementor-divider\">\n\t\t\t<span class=\"elementor-divider-separator\">\n\t\t\t\t\t\t<\/span>\n\t\t<\/div>\n\t\t\t\t<\/div>\n\t\t\t\t<\/div>\n\t\t\t\t<div class=\"elementor-element elementor-element-9527f64 elementor-widget elementor-widget-text-editor\" data-id=\"9527f64\" data-element_type=\"widget\" data-widget_type=\"text-editor.default\">\n\t\t\t\t<div class=\"elementor-widget-container\">\n\t\t\t\t\t\t\tCompra de forma segura, TusClicks esta 100% comprometido con la seguridad online. No se almacenar\u00e1 ning\u00fan tipo de informaci\u00f3n de tus m\u00e9todos de pago.\t\t\t\t\t\t<\/div>\n\t\t\t\t<\/div>\n\t\t\t\t\t<\/div>\n\t\t<\/div>\n\t\t\t\t<div class=\"elementor-column elementor-col-33 elementor-inner-column elementor-element elementor-element-48d8d1c\" data-id=\"48d8d1c\" data-element_type=\"column\" data-settings=\"{&quot;background_background&quot;:&quot;classic&quot;}\">\n\t\t\t<div class=\"elementor-widget-wrap elementor-element-populated\">\n\t\t\t\t\t\t\t\t<div class=\"elementor-element elementor-element-6987dd6 elementor-widget elementor-widget-image\" data-id=\"6987dd6\" data-element_type=\"widget\" data-widget_type=\"image.default\">\n\t\t\t\t<div class=\"elementor-widget-container\">\n\t\t\t\t\t\t\t\t\t\t\t\t\t\t\t<img decoding=\"async\" src=\"https:\/\/www.tusclicks.com\/pagos\/wp-content\/uploads\/elementor\/thumbs\/tarjetas-pyeftb0abr9zuu5i38a37n8tb0fehklli7upxo3h0k.png\" title=\"tarjetas.png\" alt=\"tarjetas.png\" loading=\"lazy\" \/>\t\t\t\t\t\t\t\t\t\t\t\t\t\t\t<\/div>\n\t\t\t\t<\/div>\n\t\t\t\t<div class=\"elementor-element elementor-element-586f8af elementor-widget elementor-widget-heading\" data-id=\"586f8af\" data-element_type=\"widget\" data-widget_type=\"heading.default\">\n\t\t\t\t<div class=\"elementor-widget-container\">\n\t\t\t<h4 class=\"elementor-heading-title elementor-size-default\">M\u00e9todos de pago<\/h4>\t\t<\/div>\n\t\t\t\t<\/div>\n\t\t\t\t<div class=\"elementor-element elementor-element-4410a2e elementor-widget-divider--view-line elementor-widget elementor-widget-divider\" data-id=\"4410a2e\" data-element_type=\"widget\" data-widget_type=\"divider.default\">\n\t\t\t\t<div class=\"elementor-widget-container\">\n\t\t\t\t\t<div class=\"elementor-divider\">\n\t\t\t<span class=\"elementor-divider-separator\">\n\t\t\t\t\t\t<\/span>\n\t\t<\/div>\n\t\t\t\t<\/div>\n\t\t\t\t<\/div>\n\t\t\t\t<div class=\"elementor-element elementor-element-769344d elementor-widget elementor-widget-text-editor\" data-id=\"769344d\" data-element_type=\"widget\" data-widget_type=\"text-editor.default\">\n\t\t\t\t<div class=\"elementor-widget-container\">\n\t\t\t\t\t\t\tPuedes pagar tus productos con tarjetas de cr\u00e9dito. Aceptamos pagos con tarjetas de cr\u00e9dito Visa y Mastercard.\t\t\t\t\t\t<\/div>\n\t\t\t\t<\/div>\n\t\t\t\t\t<\/div>\n\t\t<\/div>\n\t\t\t\t\t\t\t<\/div>\n\t\t<\/section>\n\t\t\t\t\t<\/div>\n\t\t<\/div>\n\t\t\t\t\t\t\t<\/div>\n\t\t<\/section>\n\t\t\t\t\t\t\t<\/div>\n\t\t","protected":false},"excerpt":{"rendered":"<p>Paso 1 Paso 2 Paso 3 Tarjeta de Cr\u00e9dito\/D\u00e9bito Ir a pagar PAC\/PAT Ir a pagar Premier Partner de Google S\u00f3lo unas pocas agencias en Chile han sido seleccionadas de por Google para ser parte del grupo selecto de Premier Partners. Sitio seguro Compra de forma segura, TusClicks esta 100% comprometido con la seguridad online. [&hellip;]<\/p>\n","protected":false},"author":1,"featured_media":0,"parent":7999,"menu_order":0,"comment_status":"closed","ping_status":"closed","template":"","meta":{"footnotes":""},"_links":{"self":[{"href":"https:\/\/www.tusclicks.com\/pagos\/wp-json\/wp\/v2\/pages\/8022"}],"collection":[{"href":"https:\/\/www.tusclicks.com\/pagos\/wp-json\/wp\/v2\/pages"}],"about":[{"href":"https:\/\/www.tusclicks.com\/pagos\/wp-json\/wp\/v2\/types\/page"}],"author":[{"embeddable":true,"href":"https:\/\/www.tusclicks.com\/pagos\/wp-json\/wp\/v2\/users\/1"}],"replies":[{"embeddable":true,"href":"https:\/\/www.tusclicks.com\/pagos\/wp-json\/wp\/v2\/comments?post=8022"}],"version-history":[{"count":15,"href":"https:\/\/www.tusclicks.com\/pagos\/wp-json\/wp\/v2\/pages\/8022\/revisions"}],"predecessor-version":[{"id":8338,"href":"https:\/\/www.tusclicks.com\/pagos\/wp-json\/wp\/v2\/pages\/8022\/revisions\/8338"}],"up":[{"embeddable":true,"href":"https:\/\/www.tusclicks.com\/pagos\/wp-json\/wp\/v2\/pages\/7999"}],"wp:attachment":[{"href":"https:\/\/www.tusclicks.com\/pagos\/wp-json\/wp\/v2\/media?parent=8022"}],"curies":[{"name":"wp","href":"https:\/\/api.w.org\/{rel}","templated":true}]}}