{"id":7589,"date":"2023-05-16T17:04:28","date_gmt":"2023-05-16T17:04:28","guid":{"rendered":"https:\/\/www.tusclicks.com\/pagos\/?page_id=7589"},"modified":"2024-05-17T20:35:10","modified_gmt":"2024-05-17T20:35:10","slug":"pago-pagina-web-de-pago-unico-cl","status":"publish","type":"page","link":"https:\/\/www.tusclicks.com\/pagos\/pago-pagina-web-de-pago-unico-cl\/","title":{"rendered":"Pago P\u00e1gina Web de Pago \u00danico"},"content":{"rendered":"\t\t<div data-elementor-type=\"wp-page\" data-elementor-id=\"7589\" class=\"elementor elementor-7589\">\n\t\t\t\t\t\t\t\t\t<section class=\"elementor-section elementor-top-section elementor-element elementor-element-96d02eb elementor-section-boxed elementor-section-height-default elementor-section-height-default\" data-id=\"96d02eb\" data-element_type=\"section\">\n\t\t\t\t\t\t<div class=\"elementor-container elementor-column-gap-default\">\n\t\t\t\t\t<div class=\"elementor-column elementor-col-100 elementor-top-column elementor-element elementor-element-65f0fd4\" data-id=\"65f0fd4\" data-element_type=\"column\">\n\t\t\t<div class=\"elementor-widget-wrap elementor-element-populated\">\n\t\t\t\t\t\t\t\t<section class=\"elementor-section elementor-inner-section elementor-element elementor-element-670aaaa elementor-section-boxed elementor-section-height-default elementor-section-height-default\" data-id=\"670aaaa\" data-element_type=\"section\">\n\t\t\t\t\t\t<div class=\"elementor-container elementor-column-gap-default\">\n\t\t\t\t\t<div class=\"elementor-column elementor-col-33 elementor-inner-column elementor-element elementor-element-2054966\" data-id=\"2054966\" data-element_type=\"column\">\n\t\t\t<div class=\"elementor-widget-wrap elementor-element-populated\">\n\t\t\t\t\t\t\t\t<div class=\"elementor-element elementor-element-545a102 no-margin elementor-widget elementor-widget-image\" data-id=\"545a102\" data-element_type=\"widget\" data-widget_type=\"image.default\">\n\t\t\t\t<div class=\"elementor-widget-container\">\n\t\t\t\t\t\t\t\t\t\t\t\t\t\t\t\t<a href=\"https:\/\/www.tusclicks.com\/pagos\/sitio-web\/\">\n\t\t\t\t\t\t\t<img decoding=\"async\" width=\"400\" height=\"80\" src=\"https:\/\/www.tusclicks.com\/pagos\/wp-content\/uploads\/2020\/08\/paso-1-semi.png\" class=\"attachment-full size-full wp-image-6637\" alt=\"\" srcset=\"https:\/\/www.tusclicks.com\/pagos\/wp-content\/uploads\/2020\/08\/paso-1-semi.png 400w, https:\/\/www.tusclicks.com\/pagos\/wp-content\/uploads\/2020\/08\/paso-1-semi-300x60.png 300w\" sizes=\"(max-width: 400px) 100vw, 400px\" \/>\t\t\t\t\t\t\t\t<\/a>\n\t\t\t\t\t\t\t\t\t\t\t\t\t\t\t<\/div>\n\t\t\t\t<\/div>\n\t\t\t\t<div class=\"elementor-element elementor-element-4e1990b elementor-widget elementor-widget-heading\" data-id=\"4e1990b\" data-element_type=\"widget\" data-widget_type=\"heading.default\">\n\t\t\t\t<div class=\"elementor-widget-container\">\n\t\t\t<span class=\"elementor-heading-title elementor-size-default\"><a href=\"https:\/\/www.tusclicks.com\/pagos\/sitio-web\/\">Paso 1<\/a><\/span>\t\t<\/div>\n\t\t\t\t<\/div>\n\t\t\t\t\t<\/div>\n\t\t<\/div>\n\t\t\t\t<div class=\"elementor-column elementor-col-33 elementor-inner-column elementor-element elementor-element-3144024\" data-id=\"3144024\" data-element_type=\"column\">\n\t\t\t<div class=\"elementor-widget-wrap elementor-element-populated\">\n\t\t\t\t\t\t\t\t<div class=\"elementor-element elementor-element-093b431 no-margin elementor-widget elementor-widget-image\" data-id=\"093b431\" data-element_type=\"widget\" data-widget_type=\"image.default\">\n\t\t\t\t<div class=\"elementor-widget-container\">\n\t\t\t\t\t\t\t\t\t\t\t\t\t\t\t\t<a href=\"https:\/\/www.tusclicks.com\/pagos\/sitio-web\/elegir-pais\/\">\n\t\t\t\t\t\t\t<img decoding=\"async\" width=\"400\" height=\"80\" src=\"https:\/\/www.tusclicks.com\/pagos\/wp-content\/uploads\/2020\/08\/paso-2-act.png\" class=\"attachment-full size-full wp-image-6665\" alt=\"\" srcset=\"https:\/\/www.tusclicks.com\/pagos\/wp-content\/uploads\/2020\/08\/paso-2-act.png 400w, https:\/\/www.tusclicks.com\/pagos\/wp-content\/uploads\/2020\/08\/paso-2-act-300x60.png 300w\" sizes=\"(max-width: 400px) 100vw, 400px\" \/>\t\t\t\t\t\t\t\t<\/a>\n\t\t\t\t\t\t\t\t\t\t\t\t\t\t\t<\/div>\n\t\t\t\t<\/div>\n\t\t\t\t<div class=\"elementor-element elementor-element-b44b081 elementor-widget elementor-widget-heading\" data-id=\"b44b081\" data-element_type=\"widget\" data-widget_type=\"heading.default\">\n\t\t\t\t<div class=\"elementor-widget-container\">\n\t\t\t<span class=\"elementor-heading-title elementor-size-default\"><a href=\"https:\/\/www.tusclicks.com\/pagos\/sitio-web\/elegir-pais\/\">Paso 2<\/a><\/span>\t\t<\/div>\n\t\t\t\t<\/div>\n\t\t\t\t\t<\/div>\n\t\t<\/div>\n\t\t\t\t<div class=\"elementor-column elementor-col-33 elementor-inner-column elementor-element elementor-element-0d00ff2\" data-id=\"0d00ff2\" data-element_type=\"column\">\n\t\t\t<div class=\"elementor-widget-wrap elementor-element-populated\">\n\t\t\t\t\t\t\t\t<div class=\"elementor-element elementor-element-51f6926 no-margin elementor-widget elementor-widget-image\" data-id=\"51f6926\" data-element_type=\"widget\" data-widget_type=\"image.default\">\n\t\t\t\t<div class=\"elementor-widget-container\">\n\t\t\t\t\t\t\t\t\t\t\t\t\t\t\t<img decoding=\"async\" width=\"400\" height=\"80\" src=\"https:\/\/www.tusclicks.com\/pagos\/wp-content\/uploads\/2020\/08\/paso-3-act.png\" class=\"attachment-full size-full wp-image-6666\" alt=\"\" srcset=\"https:\/\/www.tusclicks.com\/pagos\/wp-content\/uploads\/2020\/08\/paso-3-act.png 400w, https:\/\/www.tusclicks.com\/pagos\/wp-content\/uploads\/2020\/08\/paso-3-act-300x60.png 300w\" sizes=\"(max-width: 400px) 100vw, 400px\" \/>\t\t\t\t\t\t\t\t\t\t\t\t\t\t\t<\/div>\n\t\t\t\t<\/div>\n\t\t\t\t<div class=\"elementor-element elementor-element-451b11a elementor-widget elementor-widget-heading\" data-id=\"451b11a\" data-element_type=\"widget\" data-widget_type=\"heading.default\">\n\t\t\t\t<div class=\"elementor-widget-container\">\n\t\t\t<span class=\"elementor-heading-title elementor-size-default\">Paso 3<\/span>\t\t<\/div>\n\t\t\t\t<\/div>\n\t\t\t\t\t<\/div>\n\t\t<\/div>\n\t\t\t\t\t\t\t<\/div>\n\t\t<\/section>\n\t\t\t\t\t<\/div>\n\t\t<\/div>\n\t\t\t\t\t\t\t<\/div>\n\t\t<\/section>\n\t\t\t\t<section class=\"elementor-section elementor-top-section elementor-element elementor-element-35c4a6e elementor-section-boxed elementor-section-height-default elementor-section-height-default\" data-id=\"35c4a6e\" data-element_type=\"section\">\n\t\t\t\t\t\t<div class=\"elementor-container elementor-column-gap-default\">\n\t\t\t\t\t<div class=\"elementor-column elementor-col-100 elementor-top-column elementor-element elementor-element-a2f46ec\" data-id=\"a2f46ec\" data-element_type=\"column\">\n\t\t\t<div class=\"elementor-widget-wrap elementor-element-populated\">\n\t\t\t\t\t\t\t\t<section class=\"elementor-section elementor-inner-section elementor-element elementor-element-4783212 elementor-section-boxed elementor-section-height-default elementor-section-height-default\" data-id=\"4783212\" data-element_type=\"section\">\n\t\t\t\t\t\t<div class=\"elementor-container elementor-column-gap-default\">\n\t\t\t\t\t<div class=\"elementor-column elementor-col-100 elementor-inner-column elementor-element elementor-element-b5168d0\" data-id=\"b5168d0\" data-element_type=\"column\">\n\t\t\t<div class=\"elementor-widget-wrap elementor-element-populated\">\n\t\t\t\t\t\t\t\t<div class=\"elementor-element elementor-element-d787d3d elementor-widget elementor-widget-heading\" data-id=\"d787d3d\" data-element_type=\"widget\" data-widget_type=\"heading.default\">\n\t\t\t\t<div class=\"elementor-widget-container\">\n\t\t\t<h2 class=\"elementor-heading-title elementor-size-default\">Pago P\u00e1gina Web de Pago \u00danico\n<\/h2>\t\t<\/div>\n\t\t\t\t<\/div>\n\t\t\t\t<div class=\"elementor-element elementor-element-c8ddb1c elementor-widget elementor-widget-text-editor\" data-id=\"c8ddb1c\" data-element_type=\"widget\" data-widget_type=\"text-editor.default\">\n\t\t\t\t<div class=\"elementor-widget-container\">\n\t\t\t\t\t\t\t\t\t\t\t\t\t<\/div>\n\t\t\t\t<\/div>\n\t\t\t\t<div class=\"elementor-element elementor-element-7ff5223 elementor-tabs-view-horizontal elementor-widget elementor-widget-tabs\" data-id=\"7ff5223\" data-element_type=\"widget\" data-widget_type=\"tabs.default\">\n\t\t\t\t<div class=\"elementor-widget-container\">\n\t\t\t\t\t<div class=\"elementor-tabs\">\n\t\t\t<div class=\"elementor-tabs-wrapper\" role=\"tablist\" >\n\t\t\t\t\t\t\t\t\t<div id=\"elementor-tab-title-1341\" class=\"elementor-tab-title elementor-tab-desktop-title\" aria-selected=\"true\" data-tab=\"1\" role=\"tab\" tabindex=\"0\" aria-controls=\"elementor-tab-content-1341\" aria-expanded=\"false\">Datos<\/div>\n\t\t\t\t\t\t\t<\/div>\n\t\t\t<div class=\"elementor-tabs-content-wrapper\" role=\"tablist\" aria-orientation=\"vertical\">\n\t\t\t\t\t\t\t\t\t<div class=\"elementor-tab-title elementor-tab-mobile-title\" aria-selected=\"true\" data-tab=\"1\" role=\"tab\" tabindex=\"0\" aria-controls=\"elementor-tab-content-1341\" aria-expanded=\"false\">Datos<\/div>\n\t\t\t\t\t<div id=\"elementor-tab-content-1341\" class=\"elementor-tab-content elementor-clearfix\" data-tab=\"1\" role=\"tabpanel\" aria-labelledby=\"elementor-tab-title-1341\" tabindex=\"0\" hidden=\"false\"><h4 style=\"text-align: left;\">Realizar la transferencia a los siguientes datos bancarios<\/h4><ul><li style=\"text-align: left;\"><strong>Banco<\/strong>: Banco de chile<\/li><li style=\"text-align: left;\"><strong>Nombre<\/strong>: Empresa de Publicidad Tusclicks Limitada<\/li><li style=\"text-align: left;\"><strong>Cuenta N\u00ba<\/strong>: 00-014-03109-04<\/li><li style=\"text-align: left;\"><strong>Rut<\/strong>: 76.054.739-5<\/li><li style=\"text-align: left;\"><strong>Correo<\/strong>:\u00a0<a class=\"c-link\" href=\"mailto:admin@tusclicks.com\" target=\"_blank\" rel=\"noopener noreferrer\" data-stringify-link=\"mailto:admin@tusclicks.com\" data-sk=\"tooltip_parent\" aria-haspopup=\"menu\" aria-expanded=\"false\">admin@tusclicks.com<\/a><\/li><\/ul><p>\u00a0<\/p><h4 style=\"text-align: left;\">Pago por Webpay<\/h4><ul><li style=\"text-align: left;\"><a class=\"c-link\" href=\"https:\/\/www.webpay.cl\/company\/32487\" target=\"_blank\" rel=\"noopener noreferrer\" data-stringify-link=\"https:\/\/www.webpay.cl\/company\/32487\" data-sk=\"tooltip_parent\">https:\/\/www.webpay.cl\/company\/32487<\/a><\/li><\/ul><p>\u00a0<\/p><h4 style=\"text-align: left;\">Cuotas<\/h4><ul><li style=\"text-align: left;\">Documentados con Cheque, coordinar con tu ejecutiva<\/li><\/ul><\/div>\n\t\t\t\t\t\t\t<\/div>\n\t\t<\/div>\n\t\t\t\t<\/div>\n\t\t\t\t<\/div>\n\t\t\t\t\t<\/div>\n\t\t<\/div>\n\t\t\t\t\t\t\t<\/div>\n\t\t<\/section>\n\t\t\t\t\t<\/div>\n\t\t<\/div>\n\t\t\t\t\t\t\t<\/div>\n\t\t<\/section>\n\t\t\t\t<section class=\"elementor-section elementor-top-section elementor-element elementor-element-77336a4 elementor-section-boxed elementor-section-height-default elementor-section-height-default\" data-id=\"77336a4\" data-element_type=\"section\" data-settings=\"{&quot;background_background&quot;:&quot;classic&quot;}\">\n\t\t\t\t\t\t<div class=\"elementor-container elementor-column-gap-default\">\n\t\t\t\t\t<div class=\"elementor-column elementor-col-100 elementor-top-column elementor-element elementor-element-b239aae\" data-id=\"b239aae\" data-element_type=\"column\">\n\t\t\t<div class=\"elementor-widget-wrap elementor-element-populated\">\n\t\t\t\t\t\t\t\t<section class=\"elementor-section elementor-inner-section elementor-element elementor-element-2b2a5fd elementor-section-boxed elementor-section-height-default elementor-section-height-default\" data-id=\"2b2a5fd\" data-element_type=\"section\">\n\t\t\t\t\t\t<div class=\"elementor-container elementor-column-gap-default\">\n\t\t\t\t\t<div class=\"elementor-column elementor-col-33 elementor-inner-column elementor-element elementor-element-6e2d6be\" data-id=\"6e2d6be\" data-element_type=\"column\" data-settings=\"{&quot;background_background&quot;:&quot;classic&quot;}\">\n\t\t\t<div class=\"elementor-widget-wrap elementor-element-populated\">\n\t\t\t\t\t\t\t\t<div class=\"elementor-element elementor-element-29e03ed elementor-widget elementor-widget-image\" data-id=\"29e03ed\" data-element_type=\"widget\" data-widget_type=\"image.default\">\n\t\t\t\t<div class=\"elementor-widget-container\">\n\t\t\t\t\t\t\t\t\t\t\t\t\t\t\t<img decoding=\"async\" src=\"https:\/\/www.tusclicks.com\/pagos\/wp-content\/uploads\/elementor\/thumbs\/Partnet_badge-pyeft78xkf4ukeayp6nkxo6yxgxxms6o5p8s0k91pg.png\" title=\"Partnet_badge.png\" alt=\"Partnet_badge.png\" loading=\"lazy\" \/>\t\t\t\t\t\t\t\t\t\t\t\t\t\t\t<\/div>\n\t\t\t\t<\/div>\n\t\t\t\t<div class=\"elementor-element elementor-element-ba997df elementor-widget elementor-widget-heading\" data-id=\"ba997df\" data-element_type=\"widget\" data-widget_type=\"heading.default\">\n\t\t\t\t<div class=\"elementor-widget-container\">\n\t\t\t<h4 class=\"elementor-heading-title elementor-size-default\">Premier Partner de Google<\/h4>\t\t<\/div>\n\t\t\t\t<\/div>\n\t\t\t\t<div class=\"elementor-element elementor-element-95cc6a0 elementor-widget-divider--view-line elementor-widget elementor-widget-divider\" data-id=\"95cc6a0\" data-element_type=\"widget\" data-widget_type=\"divider.default\">\n\t\t\t\t<div class=\"elementor-widget-container\">\n\t\t\t\t\t<div class=\"elementor-divider\">\n\t\t\t<span class=\"elementor-divider-separator\">\n\t\t\t\t\t\t<\/span>\n\t\t<\/div>\n\t\t\t\t<\/div>\n\t\t\t\t<\/div>\n\t\t\t\t<div class=\"elementor-element elementor-element-7b5ef8a elementor-widget elementor-widget-text-editor\" data-id=\"7b5ef8a\" data-element_type=\"widget\" data-widget_type=\"text-editor.default\">\n\t\t\t\t<div class=\"elementor-widget-container\">\n\t\t\t\t\t\t\tS\u00f3lo unas pocas agencias en Chile han sido seleccionadas de por Google para ser parte del grupo selecto de Premier Partners.\t\t\t\t\t\t<\/div>\n\t\t\t\t<\/div>\n\t\t\t\t\t<\/div>\n\t\t<\/div>\n\t\t\t\t<div class=\"elementor-column elementor-col-33 elementor-inner-column elementor-element elementor-element-f0759e3\" data-id=\"f0759e3\" data-element_type=\"column\" data-settings=\"{&quot;background_background&quot;:&quot;classic&quot;}\">\n\t\t\t<div class=\"elementor-widget-wrap elementor-element-populated\">\n\t\t\t\t\t\t\t\t<div class=\"elementor-element elementor-element-f3fa9cf elementor-widget elementor-widget-image\" data-id=\"f3fa9cf\" data-element_type=\"widget\" data-widget_type=\"image.default\">\n\t\t\t\t<div class=\"elementor-widget-container\">\n\t\t\t\t\t\t\t\t\t\t\t\t\t\t\t<img decoding=\"async\" src=\"https:\/\/www.tusclicks.com\/pagos\/wp-content\/uploads\/elementor\/thumbs\/compra-segura-pyeft5d96r29x6dp05ubsoo1qp777dz7hfxt20bu1w.png\" title=\"compra-segura.png\" alt=\"compra-segura.png\" loading=\"lazy\" \/>\t\t\t\t\t\t\t\t\t\t\t\t\t\t\t<\/div>\n\t\t\t\t<\/div>\n\t\t\t\t<div class=\"elementor-element elementor-element-b43ad96 elementor-widget elementor-widget-heading\" data-id=\"b43ad96\" data-element_type=\"widget\" data-widget_type=\"heading.default\">\n\t\t\t\t<div class=\"elementor-widget-container\">\n\t\t\t<h4 class=\"elementor-heading-title elementor-size-default\">Sitio seguro<\/h4>\t\t<\/div>\n\t\t\t\t<\/div>\n\t\t\t\t<div class=\"elementor-element elementor-element-4ca10c1 elementor-widget-divider--view-line elementor-widget elementor-widget-divider\" data-id=\"4ca10c1\" data-element_type=\"widget\" data-widget_type=\"divider.default\">\n\t\t\t\t<div class=\"elementor-widget-container\">\n\t\t\t\t\t<div class=\"elementor-divider\">\n\t\t\t<span class=\"elementor-divider-separator\">\n\t\t\t\t\t\t<\/span>\n\t\t<\/div>\n\t\t\t\t<\/div>\n\t\t\t\t<\/div>\n\t\t\t\t<div class=\"elementor-element elementor-element-4e4c316 elementor-widget elementor-widget-text-editor\" data-id=\"4e4c316\" data-element_type=\"widget\" data-widget_type=\"text-editor.default\">\n\t\t\t\t<div class=\"elementor-widget-container\">\n\t\t\t\t\t\t\tCompra de forma segura, TusClicks esta 100% comprometido con la seguridad online. No se almacenar\u00e1 ning\u00fan tipo de informaci\u00f3n de tus m\u00e9todos de pago.\t\t\t\t\t\t<\/div>\n\t\t\t\t<\/div>\n\t\t\t\t\t<\/div>\n\t\t<\/div>\n\t\t\t\t<div class=\"elementor-column elementor-col-33 elementor-inner-column elementor-element elementor-element-d0fdcfa\" data-id=\"d0fdcfa\" data-element_type=\"column\" data-settings=\"{&quot;background_background&quot;:&quot;classic&quot;}\">\n\t\t\t<div class=\"elementor-widget-wrap elementor-element-populated\">\n\t\t\t\t\t\t\t\t<div class=\"elementor-element elementor-element-e3340af elementor-widget elementor-widget-image\" data-id=\"e3340af\" data-element_type=\"widget\" data-widget_type=\"image.default\">\n\t\t\t\t<div class=\"elementor-widget-container\">\n\t\t\t\t\t\t\t\t\t\t\t\t\t\t\t<img decoding=\"async\" src=\"https:\/\/www.tusclicks.com\/pagos\/wp-content\/uploads\/elementor\/thumbs\/tarjetas-pyeftb0abr9zuu5i38a37n8tb0fehklli7upxo3h0k.png\" title=\"tarjetas.png\" alt=\"tarjetas.png\" loading=\"lazy\" \/>\t\t\t\t\t\t\t\t\t\t\t\t\t\t\t<\/div>\n\t\t\t\t<\/div>\n\t\t\t\t<div class=\"elementor-element elementor-element-ced675f elementor-widget elementor-widget-heading\" data-id=\"ced675f\" data-element_type=\"widget\" data-widget_type=\"heading.default\">\n\t\t\t\t<div class=\"elementor-widget-container\">\n\t\t\t<h4 class=\"elementor-heading-title elementor-size-default\">M\u00e9todos de pago<\/h4>\t\t<\/div>\n\t\t\t\t<\/div>\n\t\t\t\t<div class=\"elementor-element elementor-element-f69a45b elementor-widget-divider--view-line elementor-widget elementor-widget-divider\" data-id=\"f69a45b\" data-element_type=\"widget\" data-widget_type=\"divider.default\">\n\t\t\t\t<div class=\"elementor-widget-container\">\n\t\t\t\t\t<div class=\"elementor-divider\">\n\t\t\t<span class=\"elementor-divider-separator\">\n\t\t\t\t\t\t<\/span>\n\t\t<\/div>\n\t\t\t\t<\/div>\n\t\t\t\t<\/div>\n\t\t\t\t<div class=\"elementor-element elementor-element-2153343 elementor-widget elementor-widget-text-editor\" data-id=\"2153343\" data-element_type=\"widget\" data-widget_type=\"text-editor.default\">\n\t\t\t\t<div class=\"elementor-widget-container\">\n\t\t\t\t\t\t\tPuedes pagar tus productos con tarjetas de cr\u00e9dito. Aceptamos pagos con tarjetas de cr\u00e9dito Visa y Mastercard.\t\t\t\t\t\t<\/div>\n\t\t\t\t<\/div>\n\t\t\t\t\t<\/div>\n\t\t<\/div>\n\t\t\t\t\t\t\t<\/div>\n\t\t<\/section>\n\t\t\t\t\t<\/div>\n\t\t<\/div>\n\t\t\t\t\t\t\t<\/div>\n\t\t<\/section>\n\t\t\t\t<section class=\"elementor-section elementor-top-section elementor-element elementor-element-750135a9 elementor-hidden-desktop elementor-hidden-tablet elementor-section-boxed elementor-section-height-default elementor-section-height-default\" data-id=\"750135a9\" data-element_type=\"section\" data-settings=\"{&quot;background_background&quot;:&quot;classic&quot;}\">\n\t\t\t\t\t\t<div class=\"elementor-container elementor-column-gap-no\">\n\t\t\t\t\t<div class=\"elementor-column elementor-col-33 elementor-top-column elementor-element elementor-element-1737d2e7\" data-id=\"1737d2e7\" data-element_type=\"column\">\n\t\t\t<div class=\"elementor-widget-wrap elementor-element-populated\">\n\t\t\t\t\t\t\t\t<div class=\"elementor-element elementor-element-1075d46a no-margin elementor-widget elementor-widget-image\" data-id=\"1075d46a\" data-element_type=\"widget\" data-widget_type=\"image.default\">\n\t\t\t\t<div class=\"elementor-widget-container\">\n\t\t\t\t\t\t\t\t\t\t\t\t\t\t\t<img loading=\"lazy\" decoding=\"async\" width=\"174\" height=\"80\" src=\"https:\/\/www.tusclicks.com\/pagos\/wp-content\/uploads\/2020\/08\/paso-mobile-1.png\" class=\"attachment-full size-full wp-image-53\" alt=\"\" \/>\t\t\t\t\t\t\t\t\t\t\t\t\t\t\t<\/div>\n\t\t\t\t<\/div>\n\t\t\t\t<div class=\"elementor-element elementor-element-267a09ca elementor-widget elementor-widget-heading\" data-id=\"267a09ca\" data-element_type=\"widget\" data-widget_type=\"heading.default\">\n\t\t\t\t<div class=\"elementor-widget-container\">\n\t\t\t<span class=\"elementor-heading-title elementor-size-default\">Paso 1<\/span>\t\t<\/div>\n\t\t\t\t<\/div>\n\t\t\t\t\t<\/div>\n\t\t<\/div>\n\t\t\t\t<div class=\"elementor-column elementor-col-33 elementor-top-column elementor-element elementor-element-323b651f\" data-id=\"323b651f\" data-element_type=\"column\">\n\t\t\t<div class=\"elementor-widget-wrap elementor-element-populated\">\n\t\t\t\t\t\t\t\t<div class=\"elementor-element elementor-element-30023583 no-margin elementor-widget elementor-widget-image\" data-id=\"30023583\" data-element_type=\"widget\" data-widget_type=\"image.default\">\n\t\t\t\t<div class=\"elementor-widget-container\">\n\t\t\t\t\t\t\t\t\t\t\t\t\t\t\t<img loading=\"lazy\" decoding=\"async\" width=\"174\" height=\"80\" src=\"https:\/\/www.tusclicks.com\/pagos\/wp-content\/uploads\/2020\/08\/paso-mobile-2.png\" class=\"attachment-full size-full wp-image-54\" alt=\"\" \/>\t\t\t\t\t\t\t\t\t\t\t\t\t\t\t<\/div>\n\t\t\t\t<\/div>\n\t\t\t\t<div class=\"elementor-element elementor-element-c051a87 elementor-widget elementor-widget-heading\" data-id=\"c051a87\" data-element_type=\"widget\" data-widget_type=\"heading.default\">\n\t\t\t\t<div class=\"elementor-widget-container\">\n\t\t\t<span class=\"elementor-heading-title elementor-size-default\">Paso 2<\/span>\t\t<\/div>\n\t\t\t\t<\/div>\n\t\t\t\t\t<\/div>\n\t\t<\/div>\n\t\t\t\t<div class=\"elementor-column elementor-col-33 elementor-top-column elementor-element elementor-element-11f19566\" data-id=\"11f19566\" data-element_type=\"column\">\n\t\t\t<div class=\"elementor-widget-wrap elementor-element-populated\">\n\t\t\t\t\t\t\t\t<div class=\"elementor-element elementor-element-4917363f no-margin elementor-widget elementor-widget-image\" data-id=\"4917363f\" data-element_type=\"widget\" data-widget_type=\"image.default\">\n\t\t\t\t<div class=\"elementor-widget-container\">\n\t\t\t\t\t\t\t\t\t\t\t\t\t\t\t<img loading=\"lazy\" decoding=\"async\" width=\"174\" height=\"80\" src=\"https:\/\/www.tusclicks.com\/pagos\/wp-content\/uploads\/2020\/08\/paso-mobile-3.png\" class=\"attachment-full size-full wp-image-55\" alt=\"\" \/>\t\t\t\t\t\t\t\t\t\t\t\t\t\t\t<\/div>\n\t\t\t\t<\/div>\n\t\t\t\t<div class=\"elementor-element elementor-element-7268a3ac elementor-widget elementor-widget-heading\" data-id=\"7268a3ac\" data-element_type=\"widget\" data-widget_type=\"heading.default\">\n\t\t\t\t<div class=\"elementor-widget-container\">\n\t\t\t<span class=\"elementor-heading-title elementor-size-default\">Paso 3<\/span>\t\t<\/div>\n\t\t\t\t<\/div>\n\t\t\t\t\t<\/div>\n\t\t<\/div>\n\t\t\t\t\t\t\t<\/div>\n\t\t<\/section>\n\t\t\t\t\t\t\t<\/div>\n\t\t","protected":false},"excerpt":{"rendered":"<p>Paso 1 Paso 2 Paso 3 Pago P\u00e1gina Web de Pago \u00danico Datos Datos Realizar la transferencia a los siguientes datos bancarios Banco: Banco de chile Nombre: Empresa de Publicidad Tusclicks Limitada Cuenta N\u00ba: 00-014-03109-04 Rut: 76.054.739-5 Correo:\u00a0admin@tusclicks.com \u00a0 Pago por Webpay https:\/\/www.webpay.cl\/company\/32487 \u00a0 Cuotas Documentados con Cheque, coordinar con tu ejecutiva Premier Partner de [&hellip;]<\/p>\n","protected":false},"author":1,"featured_media":0,"parent":0,"menu_order":0,"comment_status":"closed","ping_status":"closed","template":"","meta":{"footnotes":""},"_links":{"self":[{"href":"https:\/\/www.tusclicks.com\/pagos\/wp-json\/wp\/v2\/pages\/7589"}],"collection":[{"href":"https:\/\/www.tusclicks.com\/pagos\/wp-json\/wp\/v2\/pages"}],"about":[{"href":"https:\/\/www.tusclicks.com\/pagos\/wp-json\/wp\/v2\/types\/page"}],"author":[{"embeddable":true,"href":"https:\/\/www.tusclicks.com\/pagos\/wp-json\/wp\/v2\/users\/1"}],"replies":[{"embeddable":true,"href":"https:\/\/www.tusclicks.com\/pagos\/wp-json\/wp\/v2\/comments?post=7589"}],"version-history":[{"count":62,"href":"https:\/\/www.tusclicks.com\/pagos\/wp-json\/wp\/v2\/pages\/7589\/revisions"}],"predecessor-version":[{"id":9193,"href":"https:\/\/www.tusclicks.com\/pagos\/wp-json\/wp\/v2\/pages\/7589\/revisions\/9193"}],"wp:attachment":[{"href":"https:\/\/www.tusclicks.com\/pagos\/wp-json\/wp\/v2\/media?parent=7589"}],"curies":[{"name":"wp","href":"https:\/\/api.w.org\/{rel}","templated":true}]}}