{"id":7249,"date":"2020-10-01T18:28:37","date_gmt":"2020-10-01T18:28:37","guid":{"rendered":"https:\/\/www.tusclicks.com\/pagos\/?page_id=7249"},"modified":"2022-11-29T20:31:02","modified_gmt":"2022-11-29T20:31:02","slug":"enterprise","status":"publish","type":"page","link":"https:\/\/www.tusclicks.com\/pagos\/facebook\/contratar\/otro-pais\/enterprise\/","title":{"rendered":"Enterprise"},"content":{"rendered":"\t\t<div data-elementor-type=\"wp-page\" data-elementor-id=\"7249\" class=\"elementor elementor-7249\">\n\t\t\t\t\t\t\t\t\t<section class=\"elementor-section elementor-top-section elementor-element elementor-element-800db90 elementor-section-boxed elementor-section-height-default elementor-section-height-default\" data-id=\"800db90\" data-element_type=\"section\" data-settings=\"{&quot;background_background&quot;:&quot;classic&quot;}\">\n\t\t\t\t\t\t<div class=\"elementor-container elementor-column-gap-default\">\n\t\t\t\t\t<div class=\"elementor-column elementor-col-100 elementor-top-column elementor-element elementor-element-c3f4500\" data-id=\"c3f4500\" data-element_type=\"column\">\n\t\t\t<div class=\"elementor-widget-wrap\">\n\t\t\t\t\t\t\t\t\t<\/div>\n\t\t<\/div>\n\t\t\t\t\t\t\t<\/div>\n\t\t<\/section>\n\t\t\t\t<section class=\"elementor-section elementor-top-section elementor-element elementor-element-5a4e47d elementor-hidden-phone elementor-section-boxed elementor-section-height-default elementor-section-height-default\" data-id=\"5a4e47d\" data-element_type=\"section\" data-settings=\"{&quot;background_background&quot;:&quot;classic&quot;}\">\n\t\t\t\t\t\t<div class=\"elementor-container elementor-column-gap-no\">\n\t\t\t\t\t<div class=\"elementor-column elementor-col-33 elementor-top-column elementor-element elementor-element-219c405\" data-id=\"219c405\" data-element_type=\"column\">\n\t\t\t<div class=\"elementor-widget-wrap elementor-element-populated\">\n\t\t\t\t\t\t\t\t<div class=\"elementor-element elementor-element-1adee6c no-margin elementor-widget elementor-widget-image\" data-id=\"1adee6c\" data-element_type=\"widget\" data-widget_type=\"image.default\">\n\t\t\t\t<div class=\"elementor-widget-container\">\n\t\t\t\t\t\t\t\t\t\t\t\t\t\t\t\t<a href=\"https:\/\/www.tusclicks.com\/pagos\/facebook\/\">\n\t\t\t\t\t\t\t<img decoding=\"async\" width=\"400\" height=\"80\" src=\"https:\/\/www.tusclicks.com\/pagos\/wp-content\/uploads\/2020\/08\/paso-1-semi.png\" class=\"attachment-full size-full wp-image-6637\" alt=\"\" srcset=\"https:\/\/www.tusclicks.com\/pagos\/wp-content\/uploads\/2020\/08\/paso-1-semi.png 400w, https:\/\/www.tusclicks.com\/pagos\/wp-content\/uploads\/2020\/08\/paso-1-semi-300x60.png 300w\" sizes=\"(max-width: 400px) 100vw, 400px\" \/>\t\t\t\t\t\t\t\t<\/a>\n\t\t\t\t\t\t\t\t\t\t\t\t\t\t\t<\/div>\n\t\t\t\t<\/div>\n\t\t\t\t<div class=\"elementor-element elementor-element-fa6adf8 elementor-widget elementor-widget-heading\" data-id=\"fa6adf8\" data-element_type=\"widget\" data-widget_type=\"heading.default\">\n\t\t\t\t<div class=\"elementor-widget-container\">\n\t\t\t<span class=\"elementor-heading-title elementor-size-default\"><a href=\"https:\/\/www.tusclicks.com\/pagos\/facebook\/\">Paso 1<\/a><\/span>\t\t<\/div>\n\t\t\t\t<\/div>\n\t\t\t\t\t<\/div>\n\t\t<\/div>\n\t\t\t\t<div class=\"elementor-column elementor-col-33 elementor-top-column elementor-element elementor-element-1f9363f\" data-id=\"1f9363f\" data-element_type=\"column\">\n\t\t\t<div class=\"elementor-widget-wrap elementor-element-populated\">\n\t\t\t\t\t\t\t\t<div class=\"elementor-element elementor-element-489c8d5 no-margin elementor-widget elementor-widget-image\" data-id=\"489c8d5\" data-element_type=\"widget\" data-widget_type=\"image.default\">\n\t\t\t\t<div class=\"elementor-widget-container\">\n\t\t\t\t\t\t\t\t\t\t\t\t\t\t\t\t<a href=\"https:\/\/www.tusclicks.com\/pagos\/facebook\/contratar\/\">\n\t\t\t\t\t\t\t<img decoding=\"async\" width=\"400\" height=\"80\" src=\"https:\/\/www.tusclicks.com\/pagos\/wp-content\/uploads\/2020\/08\/paso-2-act.png\" class=\"attachment-full size-full wp-image-6665\" alt=\"\" srcset=\"https:\/\/www.tusclicks.com\/pagos\/wp-content\/uploads\/2020\/08\/paso-2-act.png 400w, https:\/\/www.tusclicks.com\/pagos\/wp-content\/uploads\/2020\/08\/paso-2-act-300x60.png 300w\" sizes=\"(max-width: 400px) 100vw, 400px\" \/>\t\t\t\t\t\t\t\t<\/a>\n\t\t\t\t\t\t\t\t\t\t\t\t\t\t\t<\/div>\n\t\t\t\t<\/div>\n\t\t\t\t<div class=\"elementor-element elementor-element-b199b1c elementor-widget elementor-widget-heading\" data-id=\"b199b1c\" data-element_type=\"widget\" data-widget_type=\"heading.default\">\n\t\t\t\t<div class=\"elementor-widget-container\">\n\t\t\t<span class=\"elementor-heading-title elementor-size-default\"><a href=\"https:\/\/www.tusclicks.com\/pagos\/facebook\/contratar\/\">Paso 2<\/a><\/span>\t\t<\/div>\n\t\t\t\t<\/div>\n\t\t\t\t\t<\/div>\n\t\t<\/div>\n\t\t\t\t<div class=\"elementor-column elementor-col-33 elementor-top-column elementor-element elementor-element-4d994f6\" data-id=\"4d994f6\" data-element_type=\"column\">\n\t\t\t<div class=\"elementor-widget-wrap elementor-element-populated\">\n\t\t\t\t\t\t\t\t<div class=\"elementor-element elementor-element-616f7f3 no-margin elementor-widget elementor-widget-image\" data-id=\"616f7f3\" data-element_type=\"widget\" data-widget_type=\"image.default\">\n\t\t\t\t<div class=\"elementor-widget-container\">\n\t\t\t\t\t\t\t\t\t\t\t\t\t\t\t<img decoding=\"async\" width=\"400\" height=\"80\" src=\"https:\/\/www.tusclicks.com\/pagos\/wp-content\/uploads\/2020\/08\/paso-3-act.png\" class=\"attachment-full size-full wp-image-6666\" alt=\"\" srcset=\"https:\/\/www.tusclicks.com\/pagos\/wp-content\/uploads\/2020\/08\/paso-3-act.png 400w, https:\/\/www.tusclicks.com\/pagos\/wp-content\/uploads\/2020\/08\/paso-3-act-300x60.png 300w\" sizes=\"(max-width: 400px) 100vw, 400px\" \/>\t\t\t\t\t\t\t\t\t\t\t\t\t\t\t<\/div>\n\t\t\t\t<\/div>\n\t\t\t\t<div class=\"elementor-element elementor-element-bc12352 elementor-widget elementor-widget-heading\" data-id=\"bc12352\" data-element_type=\"widget\" data-widget_type=\"heading.default\">\n\t\t\t\t<div class=\"elementor-widget-container\">\n\t\t\t<span class=\"elementor-heading-title elementor-size-default\">Paso 3<\/span>\t\t<\/div>\n\t\t\t\t<\/div>\n\t\t\t\t\t<\/div>\n\t\t<\/div>\n\t\t\t\t\t\t\t<\/div>\n\t\t<\/section>\n\t\t\t\t<section class=\"elementor-section elementor-top-section elementor-element elementor-element-6cc2b80 elementor-hidden-desktop elementor-hidden-tablet elementor-section-boxed elementor-section-height-default elementor-section-height-default\" data-id=\"6cc2b80\" data-element_type=\"section\" data-settings=\"{&quot;background_background&quot;:&quot;classic&quot;}\">\n\t\t\t\t\t\t<div class=\"elementor-container elementor-column-gap-no\">\n\t\t\t\t\t<div class=\"elementor-column elementor-col-33 elementor-top-column elementor-element elementor-element-8656d27\" data-id=\"8656d27\" data-element_type=\"column\">\n\t\t\t<div class=\"elementor-widget-wrap elementor-element-populated\">\n\t\t\t\t\t\t\t\t<div class=\"elementor-element elementor-element-2dbc8d8 no-margin elementor-widget elementor-widget-image\" data-id=\"2dbc8d8\" data-element_type=\"widget\" data-widget_type=\"image.default\">\n\t\t\t\t<div class=\"elementor-widget-container\">\n\t\t\t\t\t\t\t\t\t\t\t\t\t\t\t\t<a href=\"https:\/\/www.tusclicks.com\/pagos\/facebook\/\">\n\t\t\t\t\t\t\t<img loading=\"lazy\" decoding=\"async\" width=\"174\" height=\"80\" src=\"https:\/\/www.tusclicks.com\/pagos\/wp-content\/uploads\/2020\/08\/paso-mobile-1a.png\" class=\"attachment-full size-full wp-image-6639\" alt=\"\" \/>\t\t\t\t\t\t\t\t<\/a>\n\t\t\t\t\t\t\t\t\t\t\t\t\t\t\t<\/div>\n\t\t\t\t<\/div>\n\t\t\t\t<div class=\"elementor-element elementor-element-9152d07 elementor-widget elementor-widget-heading\" data-id=\"9152d07\" data-element_type=\"widget\" data-widget_type=\"heading.default\">\n\t\t\t\t<div class=\"elementor-widget-container\">\n\t\t\t<span class=\"elementor-heading-title elementor-size-default\"><a href=\"https:\/\/www.tusclicks.com\/pagos\/facebook\/\">Paso 1<\/a><\/span>\t\t<\/div>\n\t\t\t\t<\/div>\n\t\t\t\t\t<\/div>\n\t\t<\/div>\n\t\t\t\t<div class=\"elementor-column elementor-col-33 elementor-top-column elementor-element elementor-element-15ebbb5\" data-id=\"15ebbb5\" data-element_type=\"column\">\n\t\t\t<div class=\"elementor-widget-wrap elementor-element-populated\">\n\t\t\t\t\t\t\t\t<div class=\"elementor-element elementor-element-1d09633 no-margin elementor-widget elementor-widget-image\" data-id=\"1d09633\" data-element_type=\"widget\" data-widget_type=\"image.default\">\n\t\t\t\t<div class=\"elementor-widget-container\">\n\t\t\t\t\t\t\t\t\t\t\t\t\t\t\t\t<a href=\"https:\/\/www.tusclicks.com\/pagos\/facebook\/contratar\/\">\n\t\t\t\t\t\t\t<img loading=\"lazy\" decoding=\"async\" width=\"174\" height=\"80\" src=\"https:\/\/www.tusclicks.com\/pagos\/wp-content\/uploads\/2020\/08\/paso-mobile-2b.png\" class=\"attachment-full size-full wp-image-6667\" alt=\"\" \/>\t\t\t\t\t\t\t\t<\/a>\n\t\t\t\t\t\t\t\t\t\t\t\t\t\t\t<\/div>\n\t\t\t\t<\/div>\n\t\t\t\t<div class=\"elementor-element elementor-element-8344871 elementor-widget elementor-widget-heading\" data-id=\"8344871\" data-element_type=\"widget\" data-widget_type=\"heading.default\">\n\t\t\t\t<div class=\"elementor-widget-container\">\n\t\t\t<span class=\"elementor-heading-title elementor-size-default\"><a href=\"https:\/\/www.tusclicks.com\/pagos\/facebook\/contratar\/\">Paso 2<\/a><\/span>\t\t<\/div>\n\t\t\t\t<\/div>\n\t\t\t\t\t<\/div>\n\t\t<\/div>\n\t\t\t\t<div class=\"elementor-column elementor-col-33 elementor-top-column elementor-element elementor-element-9dc0e20\" data-id=\"9dc0e20\" data-element_type=\"column\">\n\t\t\t<div class=\"elementor-widget-wrap elementor-element-populated\">\n\t\t\t\t\t\t\t\t<div class=\"elementor-element elementor-element-b484395 no-margin elementor-widget elementor-widget-image\" data-id=\"b484395\" data-element_type=\"widget\" data-widget_type=\"image.default\">\n\t\t\t\t<div class=\"elementor-widget-container\">\n\t\t\t\t\t\t\t\t\t\t\t\t\t\t\t<img loading=\"lazy\" decoding=\"async\" width=\"174\" height=\"80\" src=\"https:\/\/www.tusclicks.com\/pagos\/wp-content\/uploads\/2020\/08\/paso-mobile-3a.png\" class=\"attachment-full size-full wp-image-6668\" alt=\"\" \/>\t\t\t\t\t\t\t\t\t\t\t\t\t\t\t<\/div>\n\t\t\t\t<\/div>\n\t\t\t\t<div class=\"elementor-element elementor-element-dba0e5e elementor-widget elementor-widget-heading\" data-id=\"dba0e5e\" data-element_type=\"widget\" data-widget_type=\"heading.default\">\n\t\t\t\t<div class=\"elementor-widget-container\">\n\t\t\t<span class=\"elementor-heading-title elementor-size-default\">Paso 3<\/span>\t\t<\/div>\n\t\t\t\t<\/div>\n\t\t\t\t\t<\/div>\n\t\t<\/div>\n\t\t\t\t\t\t\t<\/div>\n\t\t<\/section>\n\t\t\t\t<section class=\"elementor-section elementor-top-section elementor-element elementor-element-66e4f44 elementor-section-boxed elementor-section-height-default elementor-section-height-default\" data-id=\"66e4f44\" data-element_type=\"section\" data-settings=\"{&quot;background_background&quot;:&quot;classic&quot;}\">\n\t\t\t\t\t\t<div class=\"elementor-container elementor-column-gap-default\">\n\t\t\t\t\t<div class=\"elementor-column elementor-col-100 elementor-top-column elementor-element elementor-element-08ddd1e\" data-id=\"08ddd1e\" data-element_type=\"column\">\n\t\t\t<div class=\"elementor-widget-wrap elementor-element-populated\">\n\t\t\t\t\t\t\t\t<section class=\"elementor-section elementor-inner-section elementor-element elementor-element-6b68ac0 elementor-section-boxed elementor-section-height-default elementor-section-height-default\" data-id=\"6b68ac0\" data-element_type=\"section\">\n\t\t\t\t\t\t<div class=\"elementor-container elementor-column-gap-no\">\n\t\t\t\t\t<div class=\"elementor-column elementor-col-50 elementor-inner-column elementor-element elementor-element-e5529d3\" data-id=\"e5529d3\" data-element_type=\"column\">\n\t\t\t<div class=\"elementor-widget-wrap elementor-element-populated\">\n\t\t\t\t\t\t\t\t<div class=\"elementor-element elementor-element-1f498a5 elementor-align-justify elementor-widget elementor-widget-button\" data-id=\"1f498a5\" data-element_type=\"widget\" data-widget_type=\"button.default\">\n\t\t\t\t<div class=\"elementor-widget-container\">\n\t\t\t\t\t<div class=\"elementor-button-wrapper\">\n\t\t\t<a class=\"elementor-button elementor-button-link elementor-size-md\" href=\"https:\/\/www.tusclicks.com\/pagos\/facebook\/contratar\/otro-pais\/\">\n\t\t\t\t\t\t<span class=\"elementor-button-content-wrapper\">\n\t\t\t\t\t\t<span class=\"elementor-button-text\">Tarjeta de cr\u00e9dito<\/span>\n\t\t<\/span>\n\t\t\t\t\t<\/a>\n\t\t<\/div>\n\t\t\t\t<\/div>\n\t\t\t\t<\/div>\n\t\t\t\t\t<\/div>\n\t\t<\/div>\n\t\t\t\t<div class=\"elementor-column elementor-col-50 elementor-inner-column elementor-element elementor-element-ad233f9\" data-id=\"ad233f9\" data-element_type=\"column\">\n\t\t\t<div class=\"elementor-widget-wrap elementor-element-populated\">\n\t\t\t\t\t\t\t\t<div class=\"elementor-element elementor-element-d56fbc2 elementor-align-justify elementor-widget elementor-widget-button\" data-id=\"d56fbc2\" data-element_type=\"widget\" data-widget_type=\"button.default\">\n\t\t\t\t<div class=\"elementor-widget-container\">\n\t\t\t\t\t<div class=\"elementor-button-wrapper\">\n\t\t\t<a class=\"elementor-button elementor-button-link elementor-size-md\" href=\"#\">\n\t\t\t\t\t\t<span class=\"elementor-button-content-wrapper\">\n\t\t\t\t\t\t<span class=\"elementor-button-text\">Planes Enterprise<\/span>\n\t\t<\/span>\n\t\t\t\t\t<\/a>\n\t\t<\/div>\n\t\t\t\t<\/div>\n\t\t\t\t<\/div>\n\t\t\t\t\t<\/div>\n\t\t<\/div>\n\t\t\t\t\t\t\t<\/div>\n\t\t<\/section>\n\t\t\t\t<div class=\"elementor-element elementor-element-4566d17 elementor-widget elementor-widget-html\" data-id=\"4566d17\" data-element_type=\"widget\" data-widget_type=\"html.default\">\n\t\t\t\t<div class=\"elementor-widget-container\">\n\t\t\t<script type=\"text\/javascript\" src=\"https:\/\/form.jotform.com\/jsform\/222205353573652\"><\/script>\t\t<\/div>\n\t\t\t\t<\/div>\n\t\t\t\t\t<\/div>\n\t\t<\/div>\n\t\t\t\t\t\t\t<\/div>\n\t\t<\/section>\n\t\t\t\t<section class=\"elementor-section elementor-top-section elementor-element elementor-element-7f5f3bf elementor-section-boxed elementor-section-height-default elementor-section-height-default\" data-id=\"7f5f3bf\" data-element_type=\"section\" data-settings=\"{&quot;background_background&quot;:&quot;classic&quot;}\">\n\t\t\t\t\t\t<div class=\"elementor-container elementor-column-gap-default\">\n\t\t\t\t\t<div class=\"elementor-column elementor-col-100 elementor-top-column elementor-element elementor-element-a023bec\" data-id=\"a023bec\" data-element_type=\"column\">\n\t\t\t<div class=\"elementor-widget-wrap elementor-element-populated\">\n\t\t\t\t\t\t\t\t<section class=\"elementor-section elementor-inner-section elementor-element elementor-element-ead8f66 elementor-section-boxed elementor-section-height-default elementor-section-height-default\" data-id=\"ead8f66\" data-element_type=\"section\">\n\t\t\t\t\t\t<div class=\"elementor-container elementor-column-gap-default\">\n\t\t\t\t\t<div class=\"elementor-column elementor-col-33 elementor-inner-column elementor-element elementor-element-7c324a6\" data-id=\"7c324a6\" data-element_type=\"column\" data-settings=\"{&quot;background_background&quot;:&quot;classic&quot;}\">\n\t\t\t<div class=\"elementor-widget-wrap elementor-element-populated\">\n\t\t\t\t\t\t\t\t<div class=\"elementor-element elementor-element-b4099e4 elementor-widget elementor-widget-image\" data-id=\"b4099e4\" data-element_type=\"widget\" data-widget_type=\"image.default\">\n\t\t\t\t<div class=\"elementor-widget-container\">\n\t\t\t\t\t\t\t\t\t\t\t\t\t\t\t<img decoding=\"async\" src=\"https:\/\/www.tusclicks.com\/pagos\/wp-content\/uploads\/elementor\/thumbs\/Partnet_badge-pyeft78xkf4ukeayp6nkxo6yxgxxms6o5p8s0k91pg.png\" title=\"Partnet_badge.png\" alt=\"Partnet_badge.png\" loading=\"lazy\" \/>\t\t\t\t\t\t\t\t\t\t\t\t\t\t\t<\/div>\n\t\t\t\t<\/div>\n\t\t\t\t<div class=\"elementor-element elementor-element-65f34b5 elementor-widget elementor-widget-heading\" data-id=\"65f34b5\" data-element_type=\"widget\" data-widget_type=\"heading.default\">\n\t\t\t\t<div class=\"elementor-widget-container\">\n\t\t\t<h4 class=\"elementor-heading-title elementor-size-default\">Premier Partner de Google<\/h4>\t\t<\/div>\n\t\t\t\t<\/div>\n\t\t\t\t<div class=\"elementor-element elementor-element-e2e2386 elementor-widget-divider--view-line elementor-widget elementor-widget-divider\" data-id=\"e2e2386\" data-element_type=\"widget\" data-widget_type=\"divider.default\">\n\t\t\t\t<div class=\"elementor-widget-container\">\n\t\t\t\t\t<div class=\"elementor-divider\">\n\t\t\t<span class=\"elementor-divider-separator\">\n\t\t\t\t\t\t<\/span>\n\t\t<\/div>\n\t\t\t\t<\/div>\n\t\t\t\t<\/div>\n\t\t\t\t<div class=\"elementor-element elementor-element-98192a3 elementor-widget elementor-widget-text-editor\" data-id=\"98192a3\" data-element_type=\"widget\" data-widget_type=\"text-editor.default\">\n\t\t\t\t<div class=\"elementor-widget-container\">\n\t\t\t\t\t\t\tS\u00f3lo unas pocas agencias en Chile han sido seleccionadas de por Google para ser parte del grupo selecto de Premier Partners.\t\t\t\t\t\t<\/div>\n\t\t\t\t<\/div>\n\t\t\t\t\t<\/div>\n\t\t<\/div>\n\t\t\t\t<div class=\"elementor-column elementor-col-33 elementor-inner-column elementor-element elementor-element-b936d58\" data-id=\"b936d58\" data-element_type=\"column\" data-settings=\"{&quot;background_background&quot;:&quot;classic&quot;}\">\n\t\t\t<div class=\"elementor-widget-wrap elementor-element-populated\">\n\t\t\t\t\t\t\t\t<div class=\"elementor-element elementor-element-e4ad958 elementor-widget elementor-widget-image\" data-id=\"e4ad958\" data-element_type=\"widget\" data-widget_type=\"image.default\">\n\t\t\t\t<div class=\"elementor-widget-container\">\n\t\t\t\t\t\t\t\t\t\t\t\t\t\t\t<img decoding=\"async\" src=\"https:\/\/www.tusclicks.com\/pagos\/wp-content\/uploads\/elementor\/thumbs\/compra-segura-pyeft5d96r29x6dp05ubsoo1qp777dz7hfxt20bu1w.png\" title=\"compra-segura.png\" alt=\"compra-segura.png\" loading=\"lazy\" \/>\t\t\t\t\t\t\t\t\t\t\t\t\t\t\t<\/div>\n\t\t\t\t<\/div>\n\t\t\t\t<div class=\"elementor-element elementor-element-7ec6a24 elementor-widget elementor-widget-heading\" data-id=\"7ec6a24\" data-element_type=\"widget\" data-widget_type=\"heading.default\">\n\t\t\t\t<div class=\"elementor-widget-container\">\n\t\t\t<h4 class=\"elementor-heading-title elementor-size-default\">Sitio seguro<\/h4>\t\t<\/div>\n\t\t\t\t<\/div>\n\t\t\t\t<div class=\"elementor-element elementor-element-2169217 elementor-widget-divider--view-line elementor-widget elementor-widget-divider\" data-id=\"2169217\" data-element_type=\"widget\" data-widget_type=\"divider.default\">\n\t\t\t\t<div class=\"elementor-widget-container\">\n\t\t\t\t\t<div class=\"elementor-divider\">\n\t\t\t<span class=\"elementor-divider-separator\">\n\t\t\t\t\t\t<\/span>\n\t\t<\/div>\n\t\t\t\t<\/div>\n\t\t\t\t<\/div>\n\t\t\t\t<div class=\"elementor-element elementor-element-4eb3a42 elementor-widget elementor-widget-text-editor\" data-id=\"4eb3a42\" data-element_type=\"widget\" data-widget_type=\"text-editor.default\">\n\t\t\t\t<div class=\"elementor-widget-container\">\n\t\t\t\t\t\t\tCompra de forma segura, TusClicks esta 100% comprometido con la seguridad online. No se almacenar\u00e1 ning\u00fan tipo de informaci\u00f3n de tus m\u00e9todos de pago.\t\t\t\t\t\t<\/div>\n\t\t\t\t<\/div>\n\t\t\t\t\t<\/div>\n\t\t<\/div>\n\t\t\t\t<div class=\"elementor-column elementor-col-33 elementor-inner-column elementor-element elementor-element-8fe0ffc\" data-id=\"8fe0ffc\" data-element_type=\"column\" data-settings=\"{&quot;background_background&quot;:&quot;classic&quot;}\">\n\t\t\t<div class=\"elementor-widget-wrap elementor-element-populated\">\n\t\t\t\t\t\t\t\t<div class=\"elementor-element elementor-element-5fbbbb3 elementor-widget elementor-widget-image\" data-id=\"5fbbbb3\" data-element_type=\"widget\" data-widget_type=\"image.default\">\n\t\t\t\t<div class=\"elementor-widget-container\">\n\t\t\t\t\t\t\t\t\t\t\t\t\t\t\t<img decoding=\"async\" src=\"https:\/\/www.tusclicks.com\/pagos\/wp-content\/uploads\/elementor\/thumbs\/tarjetas-pyeftb0abr9zuu5i38a37n8tb0fehklli7upxo3h0k.png\" title=\"tarjetas.png\" alt=\"tarjetas.png\" loading=\"lazy\" \/>\t\t\t\t\t\t\t\t\t\t\t\t\t\t\t<\/div>\n\t\t\t\t<\/div>\n\t\t\t\t<div class=\"elementor-element elementor-element-6468a76 elementor-widget elementor-widget-heading\" data-id=\"6468a76\" data-element_type=\"widget\" data-widget_type=\"heading.default\">\n\t\t\t\t<div class=\"elementor-widget-container\">\n\t\t\t<h4 class=\"elementor-heading-title elementor-size-default\">M\u00e9todos de pago<\/h4>\t\t<\/div>\n\t\t\t\t<\/div>\n\t\t\t\t<div class=\"elementor-element elementor-element-c77fb7f elementor-widget-divider--view-line elementor-widget elementor-widget-divider\" data-id=\"c77fb7f\" data-element_type=\"widget\" data-widget_type=\"divider.default\">\n\t\t\t\t<div class=\"elementor-widget-container\">\n\t\t\t\t\t<div class=\"elementor-divider\">\n\t\t\t<span class=\"elementor-divider-separator\">\n\t\t\t\t\t\t<\/span>\n\t\t<\/div>\n\t\t\t\t<\/div>\n\t\t\t\t<\/div>\n\t\t\t\t<div class=\"elementor-element elementor-element-d8e5c0f elementor-widget elementor-widget-text-editor\" data-id=\"d8e5c0f\" data-element_type=\"widget\" data-widget_type=\"text-editor.default\">\n\t\t\t\t<div class=\"elementor-widget-container\">\n\t\t\t\t\t\t\tPuedes pagar tus productos con tarjetas de cr\u00e9dito. Aceptamos pagos con tarjetas de cr\u00e9dito Visa y Mastercard.\t\t\t\t\t\t<\/div>\n\t\t\t\t<\/div>\n\t\t\t\t\t<\/div>\n\t\t<\/div>\n\t\t\t\t\t\t\t<\/div>\n\t\t<\/section>\n\t\t\t\t\t<\/div>\n\t\t<\/div>\n\t\t\t\t\t\t\t<\/div>\n\t\t<\/section>\n\t\t\t\t\t\t\t<\/div>\n\t\t","protected":false},"excerpt":{"rendered":"<p>Paso 1 Paso 2 Paso 3 Paso 1 Paso 2 Paso 3 Tarjeta de cr\u00e9dito Planes Enterprise Premier Partner de Google S\u00f3lo unas pocas agencias en Chile han sido seleccionadas de por Google para ser parte del grupo selecto de Premier Partners. Sitio seguro Compra de forma segura, TusClicks esta 100% comprometido con la seguridad [&hellip;]<\/p>\n","protected":false},"author":1,"featured_media":0,"parent":5269,"menu_order":0,"comment_status":"closed","ping_status":"closed","template":"elementor_header_footer","meta":{"footnotes":""},"_links":{"self":[{"href":"https:\/\/www.tusclicks.com\/pagos\/wp-json\/wp\/v2\/pages\/7249"}],"collection":[{"href":"https:\/\/www.tusclicks.com\/pagos\/wp-json\/wp\/v2\/pages"}],"about":[{"href":"https:\/\/www.tusclicks.com\/pagos\/wp-json\/wp\/v2\/types\/page"}],"author":[{"embeddable":true,"href":"https:\/\/www.tusclicks.com\/pagos\/wp-json\/wp\/v2\/users\/1"}],"replies":[{"embeddable":true,"href":"https:\/\/www.tusclicks.com\/pagos\/wp-json\/wp\/v2\/comments?post=7249"}],"version-history":[{"count":0,"href":"https:\/\/www.tusclicks.com\/pagos\/wp-json\/wp\/v2\/pages\/7249\/revisions"}],"up":[{"embeddable":true,"href":"https:\/\/www.tusclicks.com\/pagos\/wp-json\/wp\/v2\/pages\/5269"}],"wp:attachment":[{"href":"https:\/\/www.tusclicks.com\/pagos\/wp-json\/wp\/v2\/media?parent=7249"}],"curies":[{"name":"wp","href":"https:\/\/api.w.org\/{rel}","templated":true}]}}