{"id":6672,"date":"2020-08-26T19:05:39","date_gmt":"2020-08-26T19:05:39","guid":{"rendered":"https:\/\/www.tusclicks.com\/pagos\/?page_id=6672"},"modified":"2024-06-17T20:32:24","modified_gmt":"2024-06-17T20:32:24","slug":"transferencia","status":"publish","type":"page","link":"https:\/\/www.tusclicks.com\/pagos\/googleads\/contratar\/chile\/transferencia\/","title":{"rendered":"Transferencia"},"content":{"rendered":"\t\t<div data-elementor-type=\"wp-page\" data-elementor-id=\"6672\" class=\"elementor elementor-6672\">\n\t\t\t\t\t\t\t\t\t<section class=\"elementor-section elementor-top-section elementor-element elementor-element-593340ec elementor-section-boxed elementor-section-height-default elementor-section-height-default\" data-id=\"593340ec\" data-element_type=\"section\" data-settings=\"{&quot;background_background&quot;:&quot;classic&quot;}\">\n\t\t\t\t\t\t<div class=\"elementor-container elementor-column-gap-default\">\n\t\t\t\t\t<div class=\"elementor-column elementor-col-100 elementor-top-column elementor-element elementor-element-8088f5a\" data-id=\"8088f5a\" data-element_type=\"column\">\n\t\t\t<div class=\"elementor-widget-wrap\">\n\t\t\t\t\t\t\t\t\t<\/div>\n\t\t<\/div>\n\t\t\t\t\t\t\t<\/div>\n\t\t<\/section>\n\t\t\t\t<section class=\"elementor-section elementor-top-section elementor-element elementor-element-5d340f6b elementor-hidden-phone elementor-section-boxed elementor-section-height-default elementor-section-height-default\" data-id=\"5d340f6b\" data-element_type=\"section\" data-settings=\"{&quot;background_background&quot;:&quot;classic&quot;}\">\n\t\t\t\t\t\t<div class=\"elementor-container elementor-column-gap-no\">\n\t\t\t\t\t<div class=\"elementor-column elementor-col-33 elementor-top-column elementor-element elementor-element-36ce0df1\" data-id=\"36ce0df1\" data-element_type=\"column\">\n\t\t\t<div class=\"elementor-widget-wrap elementor-element-populated\">\n\t\t\t\t\t\t\t\t<div class=\"elementor-element elementor-element-bf2238a no-margin elementor-widget elementor-widget-image\" data-id=\"bf2238a\" data-element_type=\"widget\" data-widget_type=\"image.default\">\n\t\t\t\t<div class=\"elementor-widget-container\">\n\t\t\t\t\t\t\t\t\t\t\t\t\t\t\t\t<a href=\"https:\/\/www.tusclicks.com\/pagos\/googleads\/\">\n\t\t\t\t\t\t\t<img decoding=\"async\" width=\"400\" height=\"80\" src=\"https:\/\/www.tusclicks.com\/pagos\/wp-content\/uploads\/2020\/08\/paso-1-semi.png\" class=\"attachment-full size-full wp-image-6637\" alt=\"\" srcset=\"https:\/\/www.tusclicks.com\/pagos\/wp-content\/uploads\/2020\/08\/paso-1-semi.png 400w, https:\/\/www.tusclicks.com\/pagos\/wp-content\/uploads\/2020\/08\/paso-1-semi-300x60.png 300w\" sizes=\"(max-width: 400px) 100vw, 400px\" \/>\t\t\t\t\t\t\t\t<\/a>\n\t\t\t\t\t\t\t\t\t\t\t\t\t\t\t<\/div>\n\t\t\t\t<\/div>\n\t\t\t\t<div class=\"elementor-element elementor-element-6a819b9d elementor-widget elementor-widget-heading\" data-id=\"6a819b9d\" data-element_type=\"widget\" data-widget_type=\"heading.default\">\n\t\t\t\t<div class=\"elementor-widget-container\">\n\t\t\t<span class=\"elementor-heading-title elementor-size-default\"><a href=\"https:\/\/www.tusclicks.com\/pagos\/googleads\/\">Paso 1<\/a><\/span>\t\t<\/div>\n\t\t\t\t<\/div>\n\t\t\t\t\t<\/div>\n\t\t<\/div>\n\t\t\t\t<div class=\"elementor-column elementor-col-33 elementor-top-column elementor-element elementor-element-60cf1299\" data-id=\"60cf1299\" data-element_type=\"column\">\n\t\t\t<div class=\"elementor-widget-wrap elementor-element-populated\">\n\t\t\t\t\t\t\t\t<div class=\"elementor-element elementor-element-109b13b4 no-margin elementor-widget elementor-widget-image\" data-id=\"109b13b4\" data-element_type=\"widget\" data-widget_type=\"image.default\">\n\t\t\t\t<div class=\"elementor-widget-container\">\n\t\t\t\t\t\t\t\t\t\t\t\t\t\t\t\t<a href=\"https:\/\/www.tusclicks.com\/pagos\/googleads\/contratar\/\">\n\t\t\t\t\t\t\t<img decoding=\"async\" width=\"400\" height=\"80\" src=\"https:\/\/www.tusclicks.com\/pagos\/wp-content\/uploads\/2020\/08\/paso-2-act.png\" class=\"attachment-full size-full wp-image-6665\" alt=\"\" srcset=\"https:\/\/www.tusclicks.com\/pagos\/wp-content\/uploads\/2020\/08\/paso-2-act.png 400w, https:\/\/www.tusclicks.com\/pagos\/wp-content\/uploads\/2020\/08\/paso-2-act-300x60.png 300w\" sizes=\"(max-width: 400px) 100vw, 400px\" \/>\t\t\t\t\t\t\t\t<\/a>\n\t\t\t\t\t\t\t\t\t\t\t\t\t\t\t<\/div>\n\t\t\t\t<\/div>\n\t\t\t\t<div class=\"elementor-element elementor-element-7399857f elementor-widget elementor-widget-heading\" data-id=\"7399857f\" data-element_type=\"widget\" data-widget_type=\"heading.default\">\n\t\t\t\t<div class=\"elementor-widget-container\">\n\t\t\t<span class=\"elementor-heading-title elementor-size-default\"><a href=\"https:\/\/www.tusclicks.com\/pagos\/googleads\/contratar\/\">Paso 2<\/a><\/span>\t\t<\/div>\n\t\t\t\t<\/div>\n\t\t\t\t\t<\/div>\n\t\t<\/div>\n\t\t\t\t<div class=\"elementor-column elementor-col-33 elementor-top-column elementor-element elementor-element-4987885d\" data-id=\"4987885d\" data-element_type=\"column\">\n\t\t\t<div class=\"elementor-widget-wrap elementor-element-populated\">\n\t\t\t\t\t\t\t\t<div class=\"elementor-element elementor-element-5ba6fa93 no-margin elementor-widget elementor-widget-image\" data-id=\"5ba6fa93\" data-element_type=\"widget\" data-widget_type=\"image.default\">\n\t\t\t\t<div class=\"elementor-widget-container\">\n\t\t\t\t\t\t\t\t\t\t\t\t\t\t\t<img decoding=\"async\" width=\"400\" height=\"80\" src=\"https:\/\/www.tusclicks.com\/pagos\/wp-content\/uploads\/2020\/08\/paso-3-act.png\" class=\"attachment-full size-full wp-image-6666\" alt=\"\" srcset=\"https:\/\/www.tusclicks.com\/pagos\/wp-content\/uploads\/2020\/08\/paso-3-act.png 400w, https:\/\/www.tusclicks.com\/pagos\/wp-content\/uploads\/2020\/08\/paso-3-act-300x60.png 300w\" sizes=\"(max-width: 400px) 100vw, 400px\" \/>\t\t\t\t\t\t\t\t\t\t\t\t\t\t\t<\/div>\n\t\t\t\t<\/div>\n\t\t\t\t<div class=\"elementor-element elementor-element-6b0393c7 elementor-widget elementor-widget-heading\" data-id=\"6b0393c7\" data-element_type=\"widget\" data-widget_type=\"heading.default\">\n\t\t\t\t<div class=\"elementor-widget-container\">\n\t\t\t<span class=\"elementor-heading-title elementor-size-default\">Paso 3<\/span>\t\t<\/div>\n\t\t\t\t<\/div>\n\t\t\t\t\t<\/div>\n\t\t<\/div>\n\t\t\t\t\t\t\t<\/div>\n\t\t<\/section>\n\t\t\t\t<section class=\"elementor-section elementor-top-section elementor-element elementor-element-54e911d1 elementor-hidden-desktop elementor-hidden-tablet elementor-section-boxed elementor-section-height-default elementor-section-height-default\" data-id=\"54e911d1\" data-element_type=\"section\" data-settings=\"{&quot;background_background&quot;:&quot;classic&quot;}\">\n\t\t\t\t\t\t<div class=\"elementor-container elementor-column-gap-no\">\n\t\t\t\t\t<div class=\"elementor-column elementor-col-33 elementor-top-column elementor-element elementor-element-7b553625\" data-id=\"7b553625\" data-element_type=\"column\">\n\t\t\t<div class=\"elementor-widget-wrap elementor-element-populated\">\n\t\t\t\t\t\t\t\t<div class=\"elementor-element elementor-element-74bf2922 no-margin elementor-widget elementor-widget-image\" data-id=\"74bf2922\" data-element_type=\"widget\" data-widget_type=\"image.default\">\n\t\t\t\t<div class=\"elementor-widget-container\">\n\t\t\t\t\t\t\t\t\t\t\t\t\t\t\t\t<a href=\"https:\/\/www.tusclicks.com\/pagos\/googleads\/\">\n\t\t\t\t\t\t\t<img loading=\"lazy\" decoding=\"async\" width=\"174\" height=\"80\" src=\"https:\/\/www.tusclicks.com\/pagos\/wp-content\/uploads\/2020\/08\/paso-mobile-1a.png\" class=\"attachment-full size-full wp-image-6639\" alt=\"\" \/>\t\t\t\t\t\t\t\t<\/a>\n\t\t\t\t\t\t\t\t\t\t\t\t\t\t\t<\/div>\n\t\t\t\t<\/div>\n\t\t\t\t<div class=\"elementor-element elementor-element-22db2773 elementor-widget elementor-widget-heading\" data-id=\"22db2773\" data-element_type=\"widget\" data-widget_type=\"heading.default\">\n\t\t\t\t<div class=\"elementor-widget-container\">\n\t\t\t<span class=\"elementor-heading-title elementor-size-default\"><a href=\"https:\/\/www.tusclicks.com\/pagos\/googleads\/\">Paso 1<\/a><\/span>\t\t<\/div>\n\t\t\t\t<\/div>\n\t\t\t\t\t<\/div>\n\t\t<\/div>\n\t\t\t\t<div class=\"elementor-column elementor-col-33 elementor-top-column elementor-element elementor-element-be5a9e3\" data-id=\"be5a9e3\" data-element_type=\"column\">\n\t\t\t<div class=\"elementor-widget-wrap elementor-element-populated\">\n\t\t\t\t\t\t\t\t<div class=\"elementor-element elementor-element-4d8cfd3d no-margin elementor-widget elementor-widget-image\" data-id=\"4d8cfd3d\" data-element_type=\"widget\" data-widget_type=\"image.default\">\n\t\t\t\t<div class=\"elementor-widget-container\">\n\t\t\t\t\t\t\t\t\t\t\t\t\t\t\t\t<a href=\"https:\/\/www.tusclicks.com\/pagos\/googleads\/contratar\/\">\n\t\t\t\t\t\t\t<img loading=\"lazy\" decoding=\"async\" width=\"174\" height=\"80\" src=\"https:\/\/www.tusclicks.com\/pagos\/wp-content\/uploads\/2020\/08\/paso-mobile-2b.png\" class=\"attachment-full size-full wp-image-6667\" alt=\"\" \/>\t\t\t\t\t\t\t\t<\/a>\n\t\t\t\t\t\t\t\t\t\t\t\t\t\t\t<\/div>\n\t\t\t\t<\/div>\n\t\t\t\t<div class=\"elementor-element elementor-element-292d4ae9 elementor-widget elementor-widget-heading\" data-id=\"292d4ae9\" data-element_type=\"widget\" data-widget_type=\"heading.default\">\n\t\t\t\t<div class=\"elementor-widget-container\">\n\t\t\t<span class=\"elementor-heading-title elementor-size-default\"><a href=\"https:\/\/www.tusclicks.com\/pagos\/googleads\/contratar\/\">Paso 2<\/a><\/span>\t\t<\/div>\n\t\t\t\t<\/div>\n\t\t\t\t\t<\/div>\n\t\t<\/div>\n\t\t\t\t<div class=\"elementor-column elementor-col-33 elementor-top-column elementor-element elementor-element-4e51cdab\" data-id=\"4e51cdab\" data-element_type=\"column\">\n\t\t\t<div class=\"elementor-widget-wrap elementor-element-populated\">\n\t\t\t\t\t\t\t\t<div class=\"elementor-element elementor-element-4806254c no-margin elementor-widget elementor-widget-image\" data-id=\"4806254c\" data-element_type=\"widget\" data-widget_type=\"image.default\">\n\t\t\t\t<div class=\"elementor-widget-container\">\n\t\t\t\t\t\t\t\t\t\t\t\t\t\t\t<img loading=\"lazy\" decoding=\"async\" width=\"174\" height=\"80\" src=\"https:\/\/www.tusclicks.com\/pagos\/wp-content\/uploads\/2020\/08\/paso-mobile-3a.png\" class=\"attachment-full size-full wp-image-6668\" alt=\"\" \/>\t\t\t\t\t\t\t\t\t\t\t\t\t\t\t<\/div>\n\t\t\t\t<\/div>\n\t\t\t\t<div class=\"elementor-element elementor-element-754dd382 elementor-widget elementor-widget-heading\" data-id=\"754dd382\" data-element_type=\"widget\" data-widget_type=\"heading.default\">\n\t\t\t\t<div class=\"elementor-widget-container\">\n\t\t\t<span class=\"elementor-heading-title elementor-size-default\">Paso 3<\/span>\t\t<\/div>\n\t\t\t\t<\/div>\n\t\t\t\t\t<\/div>\n\t\t<\/div>\n\t\t\t\t\t\t\t<\/div>\n\t\t<\/section>\n\t\t\t\t<section class=\"elementor-section elementor-top-section elementor-element elementor-element-41726d83 elementor-section-boxed elementor-section-height-default elementor-section-height-default\" data-id=\"41726d83\" data-element_type=\"section\" data-settings=\"{&quot;background_background&quot;:&quot;classic&quot;}\">\n\t\t\t\t\t\t<div class=\"elementor-container elementor-column-gap-default\">\n\t\t\t\t\t<div class=\"elementor-column elementor-col-100 elementor-top-column elementor-element elementor-element-1c6538e5\" data-id=\"1c6538e5\" data-element_type=\"column\">\n\t\t\t<div class=\"elementor-widget-wrap elementor-element-populated\">\n\t\t\t\t\t\t\t\t<section class=\"elementor-section elementor-inner-section elementor-element elementor-element-14f462de elementor-section-boxed elementor-section-height-default elementor-section-height-default\" data-id=\"14f462de\" data-element_type=\"section\">\n\t\t\t\t\t\t<div class=\"elementor-container elementor-column-gap-no\">\n\t\t\t\t\t<div class=\"elementor-column elementor-col-50 elementor-inner-column elementor-element elementor-element-55866b6e\" data-id=\"55866b6e\" data-element_type=\"column\">\n\t\t\t<div class=\"elementor-widget-wrap elementor-element-populated\">\n\t\t\t\t\t\t\t\t<div class=\"elementor-element elementor-element-550720 elementor-align-justify elementor-widget elementor-widget-button\" data-id=\"550720\" data-element_type=\"widget\" data-widget_type=\"button.default\">\n\t\t\t\t<div class=\"elementor-widget-container\">\n\t\t\t\t\t<div class=\"elementor-button-wrapper\">\n\t\t\t<a class=\"elementor-button elementor-button-link elementor-size-md\" href=\"https:\/\/www.tusclicks.com\/pagos\/googleads\/contratar\/chile\/tarjeta-credito\/\">\n\t\t\t\t\t\t<span class=\"elementor-button-content-wrapper\">\n\t\t\t\t\t\t<span class=\"elementor-button-text\">Tarjeta de Cr\u00e9dito\/D\u00e9bito<\/span>\n\t\t<\/span>\n\t\t\t\t\t<\/a>\n\t\t<\/div>\n\t\t\t\t<\/div>\n\t\t\t\t<\/div>\n\t\t\t\t\t<\/div>\n\t\t<\/div>\n\t\t\t\t<div class=\"elementor-column elementor-col-50 elementor-inner-column elementor-element elementor-element-4f03e296\" data-id=\"4f03e296\" data-element_type=\"column\">\n\t\t\t<div class=\"elementor-widget-wrap elementor-element-populated\">\n\t\t\t\t\t\t\t\t<div class=\"elementor-element elementor-element-69505e75 elementor-align-justify elementor-widget elementor-widget-button\" data-id=\"69505e75\" data-element_type=\"widget\" data-widget_type=\"button.default\">\n\t\t\t\t<div class=\"elementor-widget-container\">\n\t\t\t\t\t<div class=\"elementor-button-wrapper\">\n\t\t\t<a class=\"elementor-button elementor-button-link elementor-size-md\" href=\"#\">\n\t\t\t\t\t\t<span class=\"elementor-button-content-wrapper\">\n\t\t\t\t\t\t<span class=\"elementor-button-text\">Transferencia electr\u00f3nica<\/span>\n\t\t<\/span>\n\t\t\t\t\t<\/a>\n\t\t<\/div>\n\t\t\t\t<\/div>\n\t\t\t\t<\/div>\n\t\t\t\t\t<\/div>\n\t\t<\/div>\n\t\t\t\t\t\t\t<\/div>\n\t\t<\/section>\n\t\t\t\t\t<\/div>\n\t\t<\/div>\n\t\t\t\t\t\t\t<\/div>\n\t\t<\/section>\n\t\t\t\t<section class=\"elementor-section elementor-top-section elementor-element elementor-element-7e2d7afb elementor-section-boxed elementor-section-height-default elementor-section-height-default\" data-id=\"7e2d7afb\" data-element_type=\"section\" data-settings=\"{&quot;background_background&quot;:&quot;classic&quot;}\">\n\t\t\t\t\t\t<div class=\"elementor-container elementor-column-gap-default\">\n\t\t\t\t\t<div class=\"elementor-column elementor-col-100 elementor-top-column elementor-element elementor-element-28e9e9af\" data-id=\"28e9e9af\" data-element_type=\"column\" data-settings=\"{&quot;background_background&quot;:&quot;classic&quot;}\">\n\t\t\t<div class=\"elementor-widget-wrap elementor-element-populated\">\n\t\t\t\t\t\t\t\t<section class=\"elementor-section elementor-inner-section elementor-element elementor-element-7009812a elementor-section-boxed elementor-section-height-default elementor-section-height-default\" data-id=\"7009812a\" data-element_type=\"section\">\n\t\t\t\t\t\t<div class=\"elementor-container elementor-column-gap-default\">\n\t\t\t\t\t<div class=\"elementor-column elementor-col-100 elementor-inner-column elementor-element elementor-element-56d7bbe8\" data-id=\"56d7bbe8\" data-element_type=\"column\" data-settings=\"{&quot;background_background&quot;:&quot;classic&quot;}\">\n\t\t\t<div class=\"elementor-widget-wrap elementor-element-populated\">\n\t\t\t\t\t\t\t\t<div class=\"elementor-element elementor-element-48b89caf elementor-widget elementor-widget-heading\" data-id=\"48b89caf\" data-element_type=\"widget\" data-widget_type=\"heading.default\">\n\t\t\t\t<div class=\"elementor-widget-container\">\n\t\t\t<h3 class=\"elementor-heading-title elementor-size-default\">Datos para transferencia<\/h3>\t\t<\/div>\n\t\t\t\t<\/div>\n\t\t\t\t<div class=\"elementor-element elementor-element-1087f193 elementor-widget elementor-widget-text-editor\" data-id=\"1087f193\" data-element_type=\"widget\" data-widget_type=\"text-editor.default\">\n\t\t\t\t<div class=\"elementor-widget-container\">\n\t\t\t\t\t\t\t<p>Transferir el valor m\u00e1s IVA a la siguiente cuenta:<\/p>\t\t\t\t\t\t<\/div>\n\t\t\t\t<\/div>\n\t\t\t\t<div class=\"elementor-element elementor-element-63833391 elementor-widget elementor-widget-text-editor\" data-id=\"63833391\" data-element_type=\"widget\" data-widget_type=\"text-editor.default\">\n\t\t\t\t<div class=\"elementor-widget-container\">\n\t\t\t\t\t\t\t<ul><li>Banco: Banco de Chile<\/li><li>Cuenta corriente: 00-014-03109-04<\/li><li>A nombre de: Empresa de Publicidad TusClicks Limitada<\/li><li>RUT: 76.054.739 &#8211; 5<\/li><li>Correo electr\u00f3nico: admin@tusclicks.com<\/li><\/ul>\t\t\t\t\t\t<\/div>\n\t\t\t\t<\/div>\n\t\t\t\t\t<\/div>\n\t\t<\/div>\n\t\t\t\t\t\t\t<\/div>\n\t\t<\/section>\n\t\t\t\t\t<\/div>\n\t\t<\/div>\n\t\t\t\t\t\t\t<\/div>\n\t\t<\/section>\n\t\t\t\t<section class=\"elementor-section elementor-top-section elementor-element elementor-element-27efa64a elementor-section-boxed elementor-section-height-default elementor-section-height-default\" data-id=\"27efa64a\" data-element_type=\"section\" data-settings=\"{&quot;background_background&quot;:&quot;classic&quot;}\">\n\t\t\t\t\t\t<div class=\"elementor-container elementor-column-gap-default\">\n\t\t\t\t\t<div class=\"elementor-column elementor-col-100 elementor-top-column elementor-element elementor-element-47b41d94\" data-id=\"47b41d94\" data-element_type=\"column\">\n\t\t\t<div class=\"elementor-widget-wrap elementor-element-populated\">\n\t\t\t\t\t\t\t\t<section class=\"elementor-section elementor-inner-section elementor-element elementor-element-5b2d1ffa elementor-section-boxed elementor-section-height-default elementor-section-height-default\" data-id=\"5b2d1ffa\" data-element_type=\"section\">\n\t\t\t\t\t\t<div class=\"elementor-container elementor-column-gap-default\">\n\t\t\t\t\t<div class=\"elementor-column elementor-col-33 elementor-inner-column elementor-element elementor-element-314b9ca8\" data-id=\"314b9ca8\" data-element_type=\"column\" data-settings=\"{&quot;background_background&quot;:&quot;classic&quot;}\">\n\t\t\t<div class=\"elementor-widget-wrap elementor-element-populated\">\n\t\t\t\t\t\t\t\t<div class=\"elementor-element elementor-element-a79910a elementor-widget elementor-widget-image\" data-id=\"a79910a\" data-element_type=\"widget\" data-widget_type=\"image.default\">\n\t\t\t\t<div class=\"elementor-widget-container\">\n\t\t\t\t\t\t\t\t\t\t\t\t\t\t\t<img decoding=\"async\" src=\"https:\/\/www.tusclicks.com\/pagos\/wp-content\/uploads\/elementor\/thumbs\/Partnet_badge-pyeft78xkf4ukeayp6nkxo6yxgxxms6o5p8s0k91pg.png\" title=\"Partnet_badge.png\" alt=\"Partnet_badge.png\" loading=\"lazy\" \/>\t\t\t\t\t\t\t\t\t\t\t\t\t\t\t<\/div>\n\t\t\t\t<\/div>\n\t\t\t\t<div class=\"elementor-element elementor-element-356de411 elementor-widget elementor-widget-heading\" data-id=\"356de411\" data-element_type=\"widget\" data-widget_type=\"heading.default\">\n\t\t\t\t<div class=\"elementor-widget-container\">\n\t\t\t<h4 class=\"elementor-heading-title elementor-size-default\">Premier Partner de Google<\/h4>\t\t<\/div>\n\t\t\t\t<\/div>\n\t\t\t\t<div class=\"elementor-element elementor-element-569d1cd elementor-widget-divider--view-line elementor-widget elementor-widget-divider\" data-id=\"569d1cd\" data-element_type=\"widget\" data-widget_type=\"divider.default\">\n\t\t\t\t<div class=\"elementor-widget-container\">\n\t\t\t\t\t<div class=\"elementor-divider\">\n\t\t\t<span class=\"elementor-divider-separator\">\n\t\t\t\t\t\t<\/span>\n\t\t<\/div>\n\t\t\t\t<\/div>\n\t\t\t\t<\/div>\n\t\t\t\t<div class=\"elementor-element elementor-element-126bcd03 elementor-widget elementor-widget-text-editor\" data-id=\"126bcd03\" data-element_type=\"widget\" data-widget_type=\"text-editor.default\">\n\t\t\t\t<div class=\"elementor-widget-container\">\n\t\t\t\t\t\t\tS\u00f3lo unas pocas agencias en Chile han sido seleccionadas de por Google para ser parte del grupo selecto de Premier Partners.\t\t\t\t\t\t<\/div>\n\t\t\t\t<\/div>\n\t\t\t\t\t<\/div>\n\t\t<\/div>\n\t\t\t\t<div class=\"elementor-column elementor-col-33 elementor-inner-column elementor-element elementor-element-1c78236b\" data-id=\"1c78236b\" data-element_type=\"column\" data-settings=\"{&quot;background_background&quot;:&quot;classic&quot;}\">\n\t\t\t<div class=\"elementor-widget-wrap elementor-element-populated\">\n\t\t\t\t\t\t\t\t<div class=\"elementor-element elementor-element-9614c1c elementor-widget elementor-widget-image\" data-id=\"9614c1c\" data-element_type=\"widget\" data-widget_type=\"image.default\">\n\t\t\t\t<div class=\"elementor-widget-container\">\n\t\t\t\t\t\t\t\t\t\t\t\t\t\t\t<img decoding=\"async\" src=\"https:\/\/www.tusclicks.com\/pagos\/wp-content\/uploads\/elementor\/thumbs\/compra-segura-pyeft5d96r29x6dp05ubsoo1qp777dz7hfxt20bu1w.png\" title=\"compra-segura.png\" alt=\"compra-segura.png\" loading=\"lazy\" \/>\t\t\t\t\t\t\t\t\t\t\t\t\t\t\t<\/div>\n\t\t\t\t<\/div>\n\t\t\t\t<div class=\"elementor-element elementor-element-4c24b462 elementor-widget elementor-widget-heading\" data-id=\"4c24b462\" data-element_type=\"widget\" data-widget_type=\"heading.default\">\n\t\t\t\t<div class=\"elementor-widget-container\">\n\t\t\t<h4 class=\"elementor-heading-title elementor-size-default\">Sitio seguro<\/h4>\t\t<\/div>\n\t\t\t\t<\/div>\n\t\t\t\t<div class=\"elementor-element elementor-element-3419dc7d elementor-widget-divider--view-line elementor-widget elementor-widget-divider\" data-id=\"3419dc7d\" data-element_type=\"widget\" data-widget_type=\"divider.default\">\n\t\t\t\t<div class=\"elementor-widget-container\">\n\t\t\t\t\t<div class=\"elementor-divider\">\n\t\t\t<span class=\"elementor-divider-separator\">\n\t\t\t\t\t\t<\/span>\n\t\t<\/div>\n\t\t\t\t<\/div>\n\t\t\t\t<\/div>\n\t\t\t\t<div class=\"elementor-element elementor-element-723a2dfe elementor-widget elementor-widget-text-editor\" data-id=\"723a2dfe\" data-element_type=\"widget\" data-widget_type=\"text-editor.default\">\n\t\t\t\t<div class=\"elementor-widget-container\">\n\t\t\t\t\t\t\tCompra de forma segura, TusClicks esta 100% comprometido con la seguridad online. No se almacenar\u00e1 ning\u00fan tipo de informaci\u00f3n de tus m\u00e9todos de pago.\t\t\t\t\t\t<\/div>\n\t\t\t\t<\/div>\n\t\t\t\t\t<\/div>\n\t\t<\/div>\n\t\t\t\t<div class=\"elementor-column elementor-col-33 elementor-inner-column elementor-element elementor-element-63f0fdc8\" data-id=\"63f0fdc8\" data-element_type=\"column\" data-settings=\"{&quot;background_background&quot;:&quot;classic&quot;}\">\n\t\t\t<div class=\"elementor-widget-wrap elementor-element-populated\">\n\t\t\t\t\t\t\t\t<div class=\"elementor-element elementor-element-bbdf2c5 elementor-widget elementor-widget-image\" data-id=\"bbdf2c5\" data-element_type=\"widget\" data-widget_type=\"image.default\">\n\t\t\t\t<div class=\"elementor-widget-container\">\n\t\t\t\t\t\t\t\t\t\t\t\t\t\t\t<img decoding=\"async\" src=\"https:\/\/www.tusclicks.com\/pagos\/wp-content\/uploads\/elementor\/thumbs\/tarjetas-pyeftb0abr9zuu5i38a37n8tb0fehklli7upxo3h0k.png\" title=\"tarjetas.png\" alt=\"tarjetas.png\" loading=\"lazy\" \/>\t\t\t\t\t\t\t\t\t\t\t\t\t\t\t<\/div>\n\t\t\t\t<\/div>\n\t\t\t\t<div class=\"elementor-element elementor-element-54fe7fdc elementor-widget elementor-widget-heading\" data-id=\"54fe7fdc\" data-element_type=\"widget\" data-widget_type=\"heading.default\">\n\t\t\t\t<div class=\"elementor-widget-container\">\n\t\t\t<h4 class=\"elementor-heading-title elementor-size-default\">M\u00e9todos de pago<\/h4>\t\t<\/div>\n\t\t\t\t<\/div>\n\t\t\t\t<div class=\"elementor-element elementor-element-374a2f50 elementor-widget-divider--view-line elementor-widget elementor-widget-divider\" data-id=\"374a2f50\" data-element_type=\"widget\" data-widget_type=\"divider.default\">\n\t\t\t\t<div class=\"elementor-widget-container\">\n\t\t\t\t\t<div class=\"elementor-divider\">\n\t\t\t<span class=\"elementor-divider-separator\">\n\t\t\t\t\t\t<\/span>\n\t\t<\/div>\n\t\t\t\t<\/div>\n\t\t\t\t<\/div>\n\t\t\t\t<div class=\"elementor-element elementor-element-754cfaaf elementor-widget elementor-widget-text-editor\" data-id=\"754cfaaf\" data-element_type=\"widget\" data-widget_type=\"text-editor.default\">\n\t\t\t\t<div class=\"elementor-widget-container\">\n\t\t\t\t\t\t\tPuedes pagar tus productos con tarjetas de cr\u00e9dito. Aceptamos pagos con tarjetas de cr\u00e9dito Visa y Mastercard.\t\t\t\t\t\t<\/div>\n\t\t\t\t<\/div>\n\t\t\t\t\t<\/div>\n\t\t<\/div>\n\t\t\t\t\t\t\t<\/div>\n\t\t<\/section>\n\t\t\t\t\t<\/div>\n\t\t<\/div>\n\t\t\t\t\t\t\t<\/div>\n\t\t<\/section>\n\t\t\t\t\t\t\t<\/div>\n\t\t","protected":false},"excerpt":{"rendered":"<p>Paso 1 Paso 2 Paso 3 Paso 1 Paso 2 Paso 3 Tarjeta de Cr\u00e9dito\/D\u00e9bito Transferencia electr\u00f3nica Datos para transferencia Transferir el valor m\u00e1s IVA a la siguiente cuenta: Banco: Banco de Chile Cuenta corriente: 00-014-03109-04 A nombre de: Empresa de Publicidad TusClicks Limitada RUT: 76.054.739 &#8211; 5 Correo electr\u00f3nico: admin@tusclicks.com Premier Partner de Google [&hellip;]<\/p>\n","protected":false},"author":1,"featured_media":0,"parent":6663,"menu_order":0,"comment_status":"closed","ping_status":"closed","template":"elementor_header_footer","meta":{"footnotes":""},"_links":{"self":[{"href":"https:\/\/www.tusclicks.com\/pagos\/wp-json\/wp\/v2\/pages\/6672"}],"collection":[{"href":"https:\/\/www.tusclicks.com\/pagos\/wp-json\/wp\/v2\/pages"}],"about":[{"href":"https:\/\/www.tusclicks.com\/pagos\/wp-json\/wp\/v2\/types\/page"}],"author":[{"embeddable":true,"href":"https:\/\/www.tusclicks.com\/pagos\/wp-json\/wp\/v2\/users\/1"}],"replies":[{"embeddable":true,"href":"https:\/\/www.tusclicks.com\/pagos\/wp-json\/wp\/v2\/comments?post=6672"}],"version-history":[{"count":9,"href":"https:\/\/www.tusclicks.com\/pagos\/wp-json\/wp\/v2\/pages\/6672\/revisions"}],"predecessor-version":[{"id":9566,"href":"https:\/\/www.tusclicks.com\/pagos\/wp-json\/wp\/v2\/pages\/6672\/revisions\/9566"}],"up":[{"embeddable":true,"href":"https:\/\/www.tusclicks.com\/pagos\/wp-json\/wp\/v2\/pages\/6663"}],"wp:attachment":[{"href":"https:\/\/www.tusclicks.com\/pagos\/wp-json\/wp\/v2\/media?parent=6672"}],"curies":[{"name":"wp","href":"https:\/\/api.w.org\/{rel}","templated":true}]}}